{"id":115,"date":"2024-01-05T11:45:30","date_gmt":"2024-01-05T11:45:30","guid":{"rendered":"https:\/\/orchester.com\/?page_id=115"},"modified":"2024-05-30T08:41:05","modified_gmt":"2024-05-30T08:41:05","slug":"austria-swingtett","status":"publish","type":"page","link":"https:\/\/orchester.com\/en\/austria-swingtett\/","title":{"rendered":"Austria Swingtett"},"content":{"rendered":"<p>[et_pb_section fb_built=&#8220;1&#8243; admin_label=&#8220;Header&#8220; _builder_version=&#8220;4.24.1&#8243; use_background_color_gradient=&#8220;on&#8220; background_color_gradient_stops=&#8220;rgba(31,31,38,0.88) 0%|rgba(31,31,38,0.24) 100%&#8220; background_color_gradient_overlays_image=&#8220;on&#8220; background_color_gradient_start=&#8220;rgba(31,31,38,0.88)&#8220; background_color_gradient_end=&#8220;rgba(31,31,38,0.24)&#8220; background_image=&#8220;https:\/\/orchester.com\/wp-content\/uploads\/2024\/01\/trombone-2548982_1920.jpg&#8220; custom_margin=&#8220;-8vh||||false|false&#8220; custom_padding=&#8220;6vw||0px||false|false&#8220; locked=&#8220;off&#8220; collapsed=&#8220;on&#8220; global_colors_info=&#8220;{}&#8220;][et_pb_row custom_padding_last_edited=&#8220;on|desktop&#8220; _builder_version=&#8220;4.23.2&#8243; use_background_color_gradient=&#8220;on&#8220; background_color_gradient_stops=&#8220;rgba(67,78,92,0.32) 0%|rgba(31,31,38,0.71) 100%&#8220; background_color_gradient_overlays_image=&#8220;on&#8220; background_color_gradient_start=&#8220;rgba(67,78,92,0.32)&#8220; background_color_gradient_end=&#8220;rgba(31,31,38,0.71)&#8220; background_image=&#8220;https:\/\/orchester.com\/wp-content\/uploads\/2024\/01\/trombone-2548982_1920.jpg&#8220; width=&#8220;90%&#8220; max_width=&#8220;none&#8220; module_alignment=&#8220;left&#8220; custom_margin_tablet=&#8220;|auto||0px|false|false&#8220; custom_margin_last_edited=&#8220;off|desktop&#8220; custom_padding=&#8220;10vw|20px|18vw|20px|false|true&#8220; custom_padding_tablet=&#8220;16vw||16vw||true|false&#8220; custom_padding_phone=&#8220;||||false|false&#8220; border_color_all=&#8220;#1f1f26&#8243; border_width_right=&#8220;8vw&#8220; locked=&#8220;off&#8220; global_colors_info=&#8220;{}&#8220;][et_pb_column type=&#8220;4_4&#8243; _builder_version=&#8220;4.16&#8243; global_colors_info=&#8220;{}&#8220;][et_pb_text _builder_version=&#8220;4.24.2&#8243; _module_preset=&#8220;1337468f-a19f-41ee-a263-67623b52cb40&#8243; header_4_font=&#8220;Lato|600||on|||||&#8220; header_4_text_color=&#8220;#FFFFFF&#8220; width=&#8220;80%&#8220; module_alignment=&#8220;center&#8220; animation_style=&#8220;slide&#8220; animation_direction=&#8220;left&#8220; animation_delay=&#8220;250ms&#8220; locked=&#8220;off&#8220; global_colors_info=&#8220;{}&#8220;]<\/p>\n<h4 style=\"text-align: left;\">The<\/h4>\n<p>[\/et_pb_text][et_pb_text _builder_version=&#8220;4.24.2&#8243; _module_preset=&#8220;f2c5c565-f408-4c36-99de-5b498e35daf4&#8243; header_font=&#8220;Playfair|||on|||||&#8220; header_text_color=&#8220;#FFFFFF&#8220; header_font_size=&#8220;60px&#8220; width=&#8220;80%&#8220; module_alignment=&#8220;center&#8220; animation_style=&#8220;fade&#8220; locked=&#8220;off&#8220; global_colors_info=&#8220;{}&#8220;]<\/p>\n<h1 style=\"text-align: left;\">Austria Swingtett<\/h1>\n<p>[\/et_pb_text][\/et_pb_column][\/et_pb_row][et_pb_row column_structure=&#8220;1_2,1_2&#8243; make_equal=&#8220;on&#8220; _builder_version=&#8220;4.24.2&#8243; positioning=&#8220;absolute&#8220; position_origin_a=&#8220;bottom_left&#8220; position_origin_a_tablet=&#8220;&#8220; position_origin_a_phone=&#8220;&#8220; position_origin_a_last_edited=&#8220;on|desktop&#8220; position_origin_f_tablet=&#8220;&#8220; position_origin_f_phone=&#8220;&#8220; position_origin_f_last_edited=&#8220;on|desktop&#8220; position_origin_r_tablet=&#8220;&#8220; position_origin_r_phone=&#8220;&#8220; position_origin_r_last_edited=&#8220;on|desktop&#8220; width=&#8220;90%&#8220; max_width=&#8220;none&#8220; custom_margin=&#8220;|auto||0px|false|false&#8220; custom_padding=&#8220;0px||0px|10vw|true|false&#8220; positioning_tablet=&#8220;none&#8220; positioning_phone=&#8220;&#8220; positioning_last_edited=&#8220;on|tablet&#8220; box_shadow_style=&#8220;preset4&#8243; box_shadow_horizontal=&#8220;30vw&#8220; box_shadow_vertical=&#8220;0px&#8220; box_shadow_color=&#8220;#ffffff&#8220; locked=&#8220;off&#8220; global_colors_info=&#8220;{}&#8220;][et_pb_column type=&#8220;1_2&#8243; _builder_version=&#8220;4.16&#8243; custom_padding=&#8220;||||false|false&#8220; global_colors_info=&#8220;{}&#8220;][\/et_pb_column][et_pb_column type=&#8220;1_2&#8243; _builder_version=&#8220;4.24.2&#8243; background_color=&#8220;rgba(212,175,55,0.6)&#8220; custom_padding=&#8220;60px|4%|60px|4%|true|true&#8220; animation_style=&#8220;slide&#8220; animation_direction=&#8220;right&#8220; animation_delay=&#8220;300ms&#8220; global_colors_info=&#8220;{}&#8220;][et_pb_text _builder_version=&#8220;4.25.1&#8243; text_font_size=&#8220;16px&#8220; header_3_font=&#8220;Playfair||||||||&#8220; header_3_font_size=&#8220;30px&#8220; header_3_line_height=&#8220;1.3em&#8220; background_layout=&#8220;dark&#8220; custom_margin=&#8220;||4px||false|false&#8220; hover_enabled=&#8220;0&#8243; header_3_font_size_tablet=&#8220;22px&#8220; header_3_font_size_phone=&#8220;20px&#8220; header_3_font_size_last_edited=&#8220;on|phone&#8220; locked=&#8220;off&#8220; global_colors_info=&#8220;{}&#8220; sticky_enabled=&#8220;0&#8243;]<\/p>\n<h3>The big band's little sister<\/h3>\n<p>for smaller venues or events<\/p>\n<p>[\/et_pb_text][et_pb_button button_text=&#8220;Kontakt&#8220; _builder_version=&#8220;4.23.2&#8243; custom_button=&#8220;on&#8220; button_text_size=&#8220;12px&#8220; button_bg_color=&#8220;rgba(0,0,0,0)&#8220; button_border_width=&#8220;0px&#8220; button_border_radius=&#8220;0px&#8220; button_letter_spacing=&#8220;2.6px&#8220; button_font=&#8220;|700||on|||||&#8220; background_layout=&#8220;dark&#8220; custom_margin=&#8220;||||false|false&#8220; custom_padding=&#8220;|||0px|false|false&#8220; global_colors_info=&#8220;{}&#8220;][\/et_pb_button][\/et_pb_column][\/et_pb_row][\/et_pb_section][et_pb_section fb_built=&#8220;1&#8243; admin_label=&#8220;Gallery&#8220; _builder_version=&#8220;4.20.0&#8243; _module_preset=&#8220;default&#8220; collapsed=&#8220;on&#8220; global_colors_info=&#8220;{}&#8220;][et_pb_row use_custom_gutter=&#8220;on&#8220; make_equal=&#8220;on&#8220; custom_padding_last_edited=&#8220;on|tablet&#8220; module_class=&#8220;dh-valign-center-row&#8220; _builder_version=&#8220;4.23.1&#8243; _module_preset=&#8220;default&#8220; custom_padding_tablet=&#8220;||0px||false|false&#8220; custom_padding_phone=&#8220;||0px||false|false&#8220; global_colors_info=&#8220;{}&#8220;][et_pb_column type=&#8220;4_4&#8243; _builder_version=&#8220;4.20.0&#8243; _module_preset=&#8220;default&#8220; global_colors_info=&#8220;{}&#8220;][et_pb_text _builder_version=&#8220;4.25.1&#8243; _module_preset=&#8220;default&#8220; text_font=&#8220;Lato||||||||&#8220; text_font_size=&#8220;18px&#8220; text_line_height=&#8220;2em&#8220; header_2_font=&#8220;&#8211;et_global_heading_font||||||||&#8220; header_2_font_size=&#8220;2em&#8220; header_2_line_height=&#8220;1.4em&#8220; position_origin_a=&#8220;center_center&#8220; width=&#8220;100%&#8220; animation_style=&#8220;fade&#8220; animation_delay=&#8220;250ms&#8220; global_colors_info=&#8220;{}&#8220;]<\/p>\n<h2 style=\"text-align: center;\">Every ball - no matter how \"small\" - should be worth offering its guests the best music possible.<\/h2>\n<p>[\/et_pb_text][\/et_pb_column][\/et_pb_row][et_pb_row column_structure=&#8220;2_5,3_5&#8243; use_custom_gutter=&#8220;on&#8220; make_equal=&#8220;on&#8220; custom_padding_last_edited=&#8220;on|tablet&#8220; module_class=&#8220;dh-valign-center-row&#8220; _builder_version=&#8220;4.23.1&#8243; _module_preset=&#8220;default&#8220; custom_padding_tablet=&#8220;||0px||false|false&#8220; custom_padding_phone=&#8220;||0px||false|false&#8220; global_colors_info=&#8220;{}&#8220;][et_pb_column type=&#8220;2_5&#8243; _builder_version=&#8220;4.20.0&#8243; _module_preset=&#8220;default&#8220; global_colors_info=&#8220;{}&#8220;][et_pb_image src=&#8220;https:\/\/orchester.com\/wp-content\/uploads\/2024\/01\/w52.jpg&#8220; title_text=&#8220;OLYMPUS DIGITAL CAMERA&#8220; align=&#8220;center&#8220; _builder_version=&#8220;4.24.2&#8243; _module_preset=&#8220;default&#8220; animation_style=&#8220;slide&#8220; animation_direction=&#8220;left&#8220; box_shadow_style=&#8220;preset2&#8243; global_colors_info=&#8220;{}&#8220;][\/et_pb_image][\/et_pb_column][et_pb_column type=&#8220;3_5&#8243; _builder_version=&#8220;4.20.0&#8243; _module_preset=&#8220;default&#8220; global_colors_info=&#8220;{}&#8220;][et_pb_text _builder_version=&#8220;4.25.1&#8243; _module_preset=&#8220;default&#8220; text_font=&#8220;Lato||||||||&#8220; text_font_size=&#8220;18px&#8220; text_line_height=&#8220;2em&#8220; position_origin_a=&#8220;center_center&#8220; width=&#8220;100%&#8220; animation_style=&#8220;fade&#8220; animation_delay=&#8220;250ms&#8220; global_colors_info=&#8220;{}&#8220;]<\/p>\n<p style=\"text-align: justify;\">Smaller rooms demand just as much quality from the musicians as the large ballrooms of the world.<\/p>\n<p style=\"text-align: justify;\">A Viennese waltz at the opening, the musical accompaniment of the opening committee, the musical staging of a show programme. And in between: Dance music that entices your guests onto the dance floor and keeps them there in the best of moods.<\/p>\n<p style=\"text-align: justify;\">A band has to have \"what it takes\". The \"Austria Swingtett\" has it.<\/p>\n<p style=\"text-align: justify;\">More and more people are enjoying ballroom dancing again. They are orientating themselves to the beat of the music. This is just as true for fiery tango dancers as it is for romantic slow fox connoisseurs.<\/p>\n<p style=\"text-align: justify;\">To ensure that everyone gets their money's worth, the sensitive and experienced musicians do everything they can to raise the mood of the guests to the maximum. After all, all visitors should end the party in the best possible mood and be happy to come back next year.<\/p>\n<p>[\/et_pb_text][\/et_pb_column][\/et_pb_row][et_pb_row use_custom_gutter=&#8220;on&#8220; make_equal=&#8220;on&#8220; custom_padding_last_edited=&#8220;on|tablet&#8220; module_class=&#8220;dh-valign-center-row&#8220; _builder_version=&#8220;4.23.1&#8243; _module_preset=&#8220;default&#8220; custom_padding_tablet=&#8220;||0px||false|false&#8220; custom_padding_phone=&#8220;||0px||false|false&#8220; locked=&#8220;off&#8220; global_colors_info=&#8220;{}&#8220;][et_pb_column type=&#8220;4_4&#8243; _builder_version=&#8220;4.20.0&#8243; _module_preset=&#8220;default&#8220; global_colors_info=&#8220;{}&#8220;][et_pb_text _builder_version=&#8220;4.25.1&#8243; _module_preset=&#8220;default&#8220; text_font=&#8220;Lato||||||||&#8220; text_font_size=&#8220;18px&#8220; text_line_height=&#8220;2em&#8220; header_2_font=&#8220;&#8211;et_global_heading_font||||||||&#8220; header_2_font_size=&#8220;2em&#8220; header_2_line_height=&#8220;1.4em&#8220; position_origin_a=&#8220;center_center&#8220; width=&#8220;100%&#8220; animation_style=&#8220;fade&#8220; animation_delay=&#8220;250ms&#8220; global_colors_info=&#8220;{}&#8220;]<\/p>\n<p style=\"text-align: justify;\">The musicians of the \"Austria Swingtett\" are highly experienced on the musical stage and always provide a wonderful break for the \"Grand Ball Orchestra\".<br \/>A perfect combination of these two formations for a perfect event. Without a break.<\/p>\n<p>Ball and jazz line-up: 5 - 7 musicians<\/p>\n<p>[\/et_pb_text][\/et_pb_column][\/et_pb_row][\/et_pb_section][et_pb_section fb_built=&#8220;1&#8243; disabled_on=&#8220;on|on|on&#8220; admin_label=&#8220;Gallery&#8220; _builder_version=&#8220;4.25.1&#8243; _module_preset=&#8220;default&#8220; disabled=&#8220;on&#8220; collapsed=&#8220;on&#8220; global_colors_info=&#8220;{}&#8220;][et_pb_row column_structure=&#8220;2_5,3_5&#8243; use_custom_gutter=&#8220;on&#8220; make_equal=&#8220;on&#8220; custom_padding_last_edited=&#8220;on|tablet&#8220; module_class=&#8220;dh-valign-center-row&#8220; _builder_version=&#8220;4.23.1&#8243; _module_preset=&#8220;default&#8220; custom_padding_tablet=&#8220;||0px||false|false&#8220; custom_padding_phone=&#8220;||0px||false|false&#8220; global_colors_info=&#8220;{}&#8220;][et_pb_column type=&#8220;2_5&#8243; _builder_version=&#8220;4.20.0&#8243; _module_preset=&#8220;default&#8220; global_colors_info=&#8220;{}&#8220;][et_pb_image src=&#8220;https:\/\/orchester.com\/wp-content\/uploads\/2024\/01\/w52.jpg&#8220; title_text=&#8220;OLYMPUS DIGITAL CAMERA&#8220; align=&#8220;center&#8220; _builder_version=&#8220;4.24.2&#8243; _module_preset=&#8220;default&#8220; animation_style=&#8220;slide&#8220; animation_direction=&#8220;left&#8220; box_shadow_style=&#8220;preset2&#8243; global_colors_info=&#8220;{}&#8220;][\/et_pb_image][\/et_pb_column][et_pb_column type=&#8220;3_5&#8243; _builder_version=&#8220;4.20.0&#8243; _module_preset=&#8220;default&#8220; global_colors_info=&#8220;{}&#8220;][et_pb_text _builder_version=&#8220;4.24.2&#8243; _module_preset=&#8220;default&#8220; text_font=&#8220;Lato||||||||&#8220; text_font_size=&#8220;18px&#8220; text_line_height=&#8220;2em&#8220; position_origin_a=&#8220;center_center&#8220; width=&#8220;100%&#8220; animation_style=&#8220;fade&#8220; animation_delay=&#8220;250ms&#8220; global_colors_info=&#8220;{}&#8220;]<\/p>\n<p style=\"font-weight: 400;\">Dieses Ensemble zeichnet sich durch seine Vielseitigkeit besonders aus und seine Spitzenmusiker beherrschen jeden Musikstil.<\/p>\n<p style=\"font-weight: 400;\">Das Repertoire reicht \u00fcber ein komplettes Ballprogramm inkl. Er\u00f6ffnungen, Wr. Walzer, Tangos etc. bis hin zu Swing- oder Jazz-Events in gepflegter Atmosph\u00e4re. Und dies alles live, also ohne Playbackzuschaltung.<\/p>\n<p>[\/et_pb_text][\/et_pb_column][\/et_pb_row][\/et_pb_section]<\/p>","protected":false},"excerpt":{"rendered":"<p>DasAustria SwingtettDie Kleine Big-Band auch f\u00fcr kleinere R\u00e4umlichkeiten oder Veranstaltungen.Jeder Ball \u2013 und sei er noch so \u201eklein\u201c \u2013 soll es wert sein, seinen G\u00e4sten die beste Musik zu bieten, die m\u00f6glich ist.Kleinere R\u00e4ume fordern den Musikern eben so viel Qualit\u00e4t ab, wie die gro\u00dfen Balls\u00e4le dieser Welt. Zur Er\u00f6ffnung ein Wiener Walzer, die musikalische [&hellip;]<\/p>","protected":false},"author":1,"featured_media":0,"parent":0,"menu_order":0,"comment_status":"closed","ping_status":"closed","template":"","meta":{"_et_pb_use_builder":"on","_et_pb_old_content":"","_et_gb_content_width":"","footnotes":""},"class_list":["post-115","page","type-page","status-publish","hentry"],"yoast_head":"<!-- This site is optimized with the Yoast SEO plugin v23.6 - https:\/\/yoast.com\/wordpress\/plugins\/seo\/ -->\n<title>Austria Swingtett - Orchester Wolfgang Steubl<\/title>\n<meta name=\"robots\" content=\"index, follow, max-snippet:-1, max-image-preview:large, max-video-preview:-1\" \/>\n<link rel=\"canonical\" href=\"https:\/\/orchester.com\/en\/austria-swingtett\/\" \/>\n<meta property=\"og:locale\" content=\"en_GB\" \/>\n<meta property=\"og:type\" content=\"article\" \/>\n<meta property=\"og:title\" content=\"Austria Swingtett - Orchester Wolfgang Steubl\" \/>\n<meta property=\"og:description\" content=\"DasAustria SwingtettDie Kleine Big-Band auch f\u00fcr kleinere R\u00e4umlichkeiten oder Veranstaltungen.Jeder Ball \u2013 und sei er noch so \u201eklein\u201c \u2013 soll es wert sein, seinen G\u00e4sten die beste Musik zu bieten, die m\u00f6glich ist.Kleinere R\u00e4ume fordern den Musikern eben so viel Qualit\u00e4t ab, wie die gro\u00dfen Balls\u00e4le dieser Welt. Zur Er\u00f6ffnung ein Wiener Walzer, die musikalische [&hellip;]\" \/>\n<meta property=\"og:url\" content=\"https:\/\/orchester.com\/en\/austria-swingtett\/\" \/>\n<meta property=\"og:site_name\" content=\"Orchester Wolfgang Steubl\" \/>\n<meta property=\"article:modified_time\" content=\"2024-05-30T08:41:05+00:00\" \/>\n<meta name=\"twitter:card\" content=\"summary_large_image\" \/>\n<meta name=\"twitter:label1\" content=\"Estimated reading time\" \/>\n\t<meta name=\"twitter:data1\" content=\"2 minutes\" \/>\n<script type=\"application\/ld+json\" class=\"yoast-schema-graph\">{\"@context\":\"https:\/\/schema.org\",\"@graph\":[{\"@type\":\"WebPage\",\"@id\":\"https:\/\/orchester.com\/austria-swingtett\/\",\"url\":\"https:\/\/orchester.com\/austria-swingtett\/\",\"name\":\"Austria Swingtett - Orchester Wolfgang Steubl\",\"isPartOf\":{\"@id\":\"https:\/\/orchester.com\/#website\"},\"datePublished\":\"2024-01-05T11:45:30+00:00\",\"dateModified\":\"2024-05-30T08:41:05+00:00\",\"breadcrumb\":{\"@id\":\"https:\/\/orchester.com\/austria-swingtett\/#breadcrumb\"},\"inLanguage\":\"en-GB\",\"potentialAction\":[{\"@type\":\"ReadAction\",\"target\":[\"https:\/\/orchester.com\/austria-swingtett\/\"]}]},{\"@type\":\"BreadcrumbList\",\"@id\":\"https:\/\/orchester.com\/austria-swingtett\/#breadcrumb\",\"itemListElement\":[{\"@type\":\"ListItem\",\"position\":1,\"name\":\"Startseite\",\"item\":\"https:\/\/orchester.com\/\"},{\"@type\":\"ListItem\",\"position\":2,\"name\":\"Austria Swingtett\"}]},{\"@type\":\"WebSite\",\"@id\":\"https:\/\/orchester.com\/#website\",\"url\":\"https:\/\/orchester.com\/\",\"name\":\"Orchester Wolfgang Steubl\",\"description\":\"Die Klangk\u00f6rper mit Wiener Charme\",\"potentialAction\":[{\"@type\":\"SearchAction\",\"target\":{\"@type\":\"EntryPoint\",\"urlTemplate\":\"https:\/\/orchester.com\/?s={search_term_string}\"},\"query-input\":{\"@type\":\"PropertyValueSpecification\",\"valueRequired\":true,\"valueName\":\"search_term_string\"}}],\"inLanguage\":\"en-GB\"}]}<\/script>\n<!-- \/ Yoast SEO plugin. -->","yoast_head_json":{"title":"Austria Swingtett - Orchester Wolfgang Steubl","robots":{"index":"index","follow":"follow","max-snippet":"max-snippet:-1","max-image-preview":"max-image-preview:large","max-video-preview":"max-video-preview:-1"},"canonical":"https:\/\/orchester.com\/en\/austria-swingtett\/","og_locale":"en_GB","og_type":"article","og_title":"Austria Swingtett - Orchester Wolfgang Steubl","og_description":"DasAustria SwingtettDie Kleine Big-Band auch f\u00fcr kleinere R\u00e4umlichkeiten oder Veranstaltungen.Jeder Ball \u2013 und sei er noch so \u201eklein\u201c \u2013 soll es wert sein, seinen G\u00e4sten die beste Musik zu bieten, die m\u00f6glich ist.Kleinere R\u00e4ume fordern den Musikern eben so viel Qualit\u00e4t ab, wie die gro\u00dfen Balls\u00e4le dieser Welt. Zur Er\u00f6ffnung ein Wiener Walzer, die musikalische [&hellip;]","og_url":"https:\/\/orchester.com\/en\/austria-swingtett\/","og_site_name":"Orchester Wolfgang Steubl","article_modified_time":"2024-05-30T08:41:05+00:00","twitter_card":"summary_large_image","twitter_misc":{"Estimated reading time":"2 minutes"},"schema":{"@context":"https:\/\/schema.org","@graph":[{"@type":"WebPage","@id":"https:\/\/orchester.com\/austria-swingtett\/","url":"https:\/\/orchester.com\/austria-swingtett\/","name":"Austria Swingtett - Orchester Wolfgang Steubl","isPartOf":{"@id":"https:\/\/orchester.com\/#website"},"datePublished":"2024-01-05T11:45:30+00:00","dateModified":"2024-05-30T08:41:05+00:00","breadcrumb":{"@id":"https:\/\/orchester.com\/austria-swingtett\/#breadcrumb"},"inLanguage":"en-GB","potentialAction":[{"@type":"ReadAction","target":["https:\/\/orchester.com\/austria-swingtett\/"]}]},{"@type":"BreadcrumbList","@id":"https:\/\/orchester.com\/austria-swingtett\/#breadcrumb","itemListElement":[{"@type":"ListItem","position":1,"name":"Startseite","item":"https:\/\/orchester.com\/"},{"@type":"ListItem","position":2,"name":"Austria Swingtett"}]},{"@type":"WebSite","@id":"https:\/\/orchester.com\/#website","url":"https:\/\/orchester.com\/","name":"Orchester Wolfgang Steubl","description":"Die Klangk\u00f6rper mit Wiener Charme","potentialAction":[{"@type":"SearchAction","target":{"@type":"EntryPoint","urlTemplate":"https:\/\/orchester.com\/?s={search_term_string}"},"query-input":{"@type":"PropertyValueSpecification","valueRequired":true,"valueName":"search_term_string"}}],"inLanguage":"en-GB"}]}},"_links":{"self":[{"href":"https:\/\/orchester.com\/en\/wp-json\/wp\/v2\/pages\/115","targetHints":{"allow":["GET"]}}],"collection":[{"href":"https:\/\/orchester.com\/en\/wp-json\/wp\/v2\/pages"}],"about":[{"href":"https:\/\/orchester.com\/en\/wp-json\/wp\/v2\/types\/page"}],"author":[{"embeddable":true,"href":"https:\/\/orchester.com\/en\/wp-json\/wp\/v2\/users\/1"}],"replies":[{"embeddable":true,"href":"https:\/\/orchester.com\/en\/wp-json\/wp\/v2\/comments?post=115"}],"version-history":[{"count":10,"href":"https:\/\/orchester.com\/en\/wp-json\/wp\/v2\/pages\/115\/revisions"}],"predecessor-version":[{"id":535,"href":"https:\/\/orchester.com\/en\/wp-json\/wp\/v2\/pages\/115\/revisions\/535"}],"wp:attachment":[{"href":"https:\/\/orchester.com\/en\/wp-json\/wp\/v2\/media?parent=115"}],"curies":[{"name":"wp","href":"https:\/\/api.w.org\/{rel}","templated":true}]}}