{"id":132,"date":"2024-01-05T11:59:47","date_gmt":"2024-01-05T11:59:47","guid":{"rendered":"https:\/\/orchester.com\/?page_id=132"},"modified":"2024-10-14T10:03:33","modified_gmt":"2024-10-14T10:03:33","slug":"helmut-steubl","status":"publish","type":"page","link":"https:\/\/orchester.com\/en\/helmut-steubl\/","title":{"rendered":"Helmut Steubl"},"content":{"rendered":"<p>[et_pb_section fb_built=&#8220;1&#8243; admin_label=&#8220;Header&#8220; _builder_version=&#8220;4.24.1&#8243; use_background_color_gradient=&#8220;on&#8220; background_color_gradient_stops=&#8220;rgba(31,31,38,0.88) 0%|rgba(31,31,38,0.24) 100%&#8220; background_color_gradient_overlays_image=&#8220;on&#8220; background_color_gradient_start=&#8220;rgba(31,31,38,0.88)&#8220; background_color_gradient_end=&#8220;rgba(31,31,38,0.24)&#8220; background_image=&#8220;https:\/\/orchester.com\/wp-content\/uploads\/2024\/01\/Sommernachtsball-2019_WBO1_\u00a9JuliusHatt-1440&#215;960-1.jpg&#8220; custom_margin=&#8220;-8vh||||false|false&#8220; custom_padding=&#8220;6vw||0px||false|false&#8220; locked=&#8220;off&#8220; collapsed=&#8220;on&#8220; global_colors_info=&#8220;{}&#8220;][et_pb_row custom_padding_last_edited=&#8220;on|desktop&#8220; _builder_version=&#8220;4.23.2&#8243; use_background_color_gradient=&#8220;on&#8220; background_color_gradient_stops=&#8220;rgba(67,78,92,0.32) 0%|rgba(31,31,38,0.71) 100%&#8220; background_color_gradient_overlays_image=&#8220;on&#8220; background_color_gradient_start=&#8220;rgba(67,78,92,0.32)&#8220; background_color_gradient_end=&#8220;rgba(31,31,38,0.71)&#8220; background_image=&#8220;https:\/\/orchester.com\/wp-content\/uploads\/2024\/01\/Sommernachtsball-2019_WBO1_\u00a9JuliusHatt-1440&#215;960-1.jpg&#8220; width=&#8220;90%&#8220; max_width=&#8220;none&#8220; module_alignment=&#8220;left&#8220; custom_margin_tablet=&#8220;|auto||0px|false|false&#8220; custom_margin_last_edited=&#8220;off|desktop&#8220; custom_padding=&#8220;10vw|20px|18vw|20px|false|true&#8220; custom_padding_tablet=&#8220;16vw||16vw||true|false&#8220; custom_padding_phone=&#8220;||||false|false&#8220; border_color_all=&#8220;#1f1f26&#8243; border_width_right=&#8220;8vw&#8220; locked=&#8220;off&#8220; global_colors_info=&#8220;{}&#8220;][et_pb_column type=&#8220;4_4&#8243; _builder_version=&#8220;4.16&#8243; global_colors_info=&#8220;{}&#8220;][et_pb_text _builder_version=&#8220;4.24.2&#8243; _module_preset=&#8220;1337468f-a19f-41ee-a263-67623b52cb40&#8243; header_4_font=&#8220;Lato|600||on|||||&#8220; header_4_text_color=&#8220;#FFFFFF&#8220; width=&#8220;80%&#8220; module_alignment=&#8220;center&#8220; animation_style=&#8220;slide&#8220; animation_direction=&#8220;left&#8220; animation_delay=&#8220;250ms&#8220; locked=&#8220;off&#8220; global_colors_info=&#8220;{}&#8220;]<\/p>\n<h4 style=\"text-align: left;\">About my Father<\/h4>\n<h4 style=\"text-align: left;\">Prof.<\/h4>\n<p>[\/et_pb_text][et_pb_text _builder_version=&#8220;4.24.2&#8243; _module_preset=&#8220;f2c5c565-f408-4c36-99de-5b498e35daf4&#8243; header_font=&#8220;Playfair|||on|||||&#8220; header_text_color=&#8220;#FFFFFF&#8220; header_font_size=&#8220;60px&#8220; width=&#8220;80%&#8220; module_alignment=&#8220;center&#8220; animation_style=&#8220;fade&#8220; locked=&#8220;off&#8220; global_colors_info=&#8220;{}&#8220;]<\/p>\n<h1 style=\"text-align: left;\">Helmut Steubl<\/h1>\n<p>[\/et_pb_text][\/et_pb_column][\/et_pb_row][et_pb_row column_structure=&#8220;1_2,1_2&#8243; make_equal=&#8220;on&#8220; _builder_version=&#8220;4.24.2&#8243; positioning=&#8220;absolute&#8220; position_origin_a=&#8220;bottom_left&#8220; position_origin_a_tablet=&#8220;&#8220; position_origin_a_phone=&#8220;&#8220; position_origin_a_last_edited=&#8220;on|desktop&#8220; position_origin_f_tablet=&#8220;&#8220; position_origin_f_phone=&#8220;&#8220; position_origin_f_last_edited=&#8220;on|desktop&#8220; position_origin_r_tablet=&#8220;&#8220; position_origin_r_phone=&#8220;&#8220; position_origin_r_last_edited=&#8220;on|desktop&#8220; width=&#8220;90%&#8220; max_width=&#8220;none&#8220; custom_margin=&#8220;|auto||0px|false|false&#8220; custom_padding=&#8220;0px||0px|10vw|true|false&#8220; positioning_tablet=&#8220;none&#8220; positioning_phone=&#8220;&#8220; positioning_last_edited=&#8220;on|tablet&#8220; box_shadow_style=&#8220;preset4&#8243; box_shadow_horizontal=&#8220;30vw&#8220; box_shadow_vertical=&#8220;0px&#8220; box_shadow_color=&#8220;#ffffff&#8220; locked=&#8220;off&#8220; global_colors_info=&#8220;{}&#8220;][et_pb_column type=&#8220;1_2&#8243; _builder_version=&#8220;4.16&#8243; custom_padding=&#8220;||||false|false&#8220; global_colors_info=&#8220;{}&#8220;][\/et_pb_column][et_pb_column type=&#8220;1_2&#8243; _builder_version=&#8220;4.24.2&#8243; background_color=&#8220;rgba(212,175,55,0.6)&#8220; custom_padding=&#8220;60px|4%|60px|4%|true|true&#8220; animation_style=&#8220;slide&#8220; animation_direction=&#8220;right&#8220; animation_delay=&#8220;250ms&#8220; global_colors_info=&#8220;{}&#8220;][et_pb_text _builder_version=&#8220;4.27.2&#8243; header_3_font=&#8220;Playfair||||||||&#8220; header_3_font_size=&#8220;30px&#8220; header_3_line_height=&#8220;1.3em&#8220; background_layout=&#8220;dark&#8220; custom_margin=&#8220;||4px||false|false&#8220; hover_enabled=&#8220;0&#8243; header_3_font_size_tablet=&#8220;22px&#8220; header_3_font_size_phone=&#8220;20px&#8220; header_3_font_size_last_edited=&#8220;on|phone&#8220; locked=&#8220;off&#8220; global_colors_info=&#8220;{}&#8220; sticky_enabled=&#8220;0&#8243;]<\/p>\n<h3>Musikalische Biographie<\/h3>\n<p>[\/et_pb_text][et_pb_button button_text=&#8220;Kontakt&#8220; _builder_version=&#8220;4.23.2&#8243; custom_button=&#8220;on&#8220; button_text_size=&#8220;12px&#8220; button_bg_color=&#8220;rgba(0,0,0,0)&#8220; button_border_width=&#8220;0px&#8220; button_border_radius=&#8220;0px&#8220; button_letter_spacing=&#8220;2.6px&#8220; button_font=&#8220;|700||on|||||&#8220; background_layout=&#8220;dark&#8220; custom_margin=&#8220;||||false|false&#8220; custom_padding=&#8220;|||0px|false|false&#8220; global_colors_info=&#8220;{}&#8220;][\/et_pb_button][\/et_pb_column][\/et_pb_row][\/et_pb_section][et_pb_section fb_built=&#8220;1&#8243; admin_label=&#8220;Gallery&#8220; _builder_version=&#8220;4.20.0&#8243; _module_preset=&#8220;default&#8220; collapsed=&#8220;on&#8220; global_colors_info=&#8220;{}&#8220;][et_pb_row column_structure=&#8220;2_5,3_5&#8243; use_custom_gutter=&#8220;on&#8220; make_equal=&#8220;on&#8220; custom_padding_last_edited=&#8220;on|tablet&#8220; module_class=&#8220;dh-valign-center-row&#8220; _builder_version=&#8220;4.23.1&#8243; _module_preset=&#8220;default&#8220; custom_padding_tablet=&#8220;||0px||false|false&#8220; custom_padding_phone=&#8220;||0px||false|false&#8220; global_colors_info=&#8220;{}&#8220;][et_pb_column type=&#8220;2_5&#8243; _builder_version=&#8220;4.20.0&#8243; _module_preset=&#8220;default&#8220; global_colors_info=&#8220;{}&#8220;][et_pb_image src=&#8220;https:\/\/orchester.com\/wp-content\/uploads\/2024\/01\/Helmut-Steubl_2.jpeg&#8220; title_text=&#8220;OLYMPUS DIGITAL CAMERA&#8220; align=&#8220;center&#8220; _builder_version=&#8220;4.24.2&#8243; _module_preset=&#8220;default&#8220; animation_style=&#8220;slide&#8220; animation_direction=&#8220;left&#8220; box_shadow_style=&#8220;preset2&#8243; global_colors_info=&#8220;{}&#8220;][\/et_pb_image][\/et_pb_column][et_pb_column type=&#8220;3_5&#8243; _builder_version=&#8220;4.20.0&#8243; _module_preset=&#8220;default&#8220; global_colors_info=&#8220;{}&#8220;][et_pb_text _builder_version=&#8220;4.27.2&#8243; _module_preset=&#8220;default&#8220; text_font=&#8220;Lato||||||||&#8220; text_font_size=&#8220;18px&#8220; text_line_height=&#8220;2em&#8220; position_origin_a=&#8220;center_center&#8220; width=&#8220;100%&#8220; animation_style=&#8220;fade&#8220; animation_delay=&#8220;250ms&#8220; hover_enabled=&#8220;0&#8243; global_colors_info=&#8220;{}&#8220; sticky_enabled=&#8220;0&#8243;]<\/p>\n<p>Helmut Steubl wurde 1938 in Wien-Brigittenau geboren.<\/p>\n<p>Despite his poor circumstances, his parents made it possible for their son Helmut to take violin lessons in 1946. After a short time, he gained his first experience of ensemble playing in the youth orchestra of the All Saints' parish in Vienna's 20th district and soon made his first official appearances as \"concertmaster\" at high masses in church and as a musical accompanist for theatre performances.<\/p>\n<p>During these years, jazz became very popular in Austria.<br \/>Helmut besorgte sich eine Zugposaune und nahm Unterricht. Dabei stellte er fest, dass er eine besondere Gabe f\u00fcr diesen Musikstil besa\u00df und konnte bald in einem Sextett mitjazzen und improvisieren. Nun ergab es sich von selbst, dass sich der bisher geigende junge Mann zu einem Verfechter und permanenten Aus\u00fcbenden des Swing und Jazz entwickeln musste!<\/p>\n<p>[\/et_pb_text][\/et_pb_column][\/et_pb_row][et_pb_row column_structure=&#8220;3_5,2_5&#8243; use_custom_gutter=&#8220;on&#8220; make_equal=&#8220;on&#8220; custom_padding_last_edited=&#8220;on|tablet&#8220; module_class=&#8220;dh-valign-center-row&#8220; _builder_version=&#8220;4.27.2&#8243; _module_preset=&#8220;default&#8220; custom_padding_tablet=&#8220;||0px||false|false&#8220; custom_padding_phone=&#8220;||0px||false|false&#8220; hover_enabled=&#8220;0&#8243; global_colors_info=&#8220;{}&#8220; sticky_enabled=&#8220;0&#8243;][et_pb_column type=&#8220;3_5&#8243; _builder_version=&#8220;4.20.0&#8243; _module_preset=&#8220;default&#8220; global_colors_info=&#8220;{}&#8220;][et_pb_text _builder_version=&#8220;4.27.2&#8243; _module_preset=&#8220;default&#8220; text_font=&#8220;Lato||||||||&#8220; text_font_size=&#8220;18px&#8220; text_line_height=&#8220;2em&#8220; position_origin_a=&#8220;center_center&#8220; width=&#8220;100%&#8220; animation_style=&#8220;fade&#8220; animation_delay=&#8220;250ms&#8220; hover_enabled=&#8220;0&#8243; global_colors_info=&#8220;{}&#8220; sticky_enabled=&#8220;0&#8243;]Helmuts erstes Engagement bot sich im \u201eAustria-Tanzorchester Franz Punz\u201c, welches u.a. als Zweitorchester neben dem damals sehr bekannten Orchester Prof. Leo Jaritz auftrat.  Daneben war er auch ein gern gesehener Gastposaunist in anderen Bands und konnte dabei viele wichtige Erfahrungswerte f\u00fcr seine musikalische Zukunft sammeln.<\/p>\n<p>In 1970 Franz Punz died unexpectedly and the subsequent \"players' meeting\" appointed Helmut Steubl as the new band leader.<\/p>\n<p>Zus\u00e4tzlich zu seinem \u201eFulltime\u201c-Job in der Privatwirtschaft managte er das \u201eAustria Tanzorchester\u201c und arrangierte Tanzmusik, ma\u00dfgeschneidert f\u00fcr seine Formation. <\/p>\n<p>Anfang der 1980er-Jahre gr\u00fcndete er das \u201eGro\u00dfe Wiener Ballorchester\u201c, das seither als fixer Bestandteil der Wiener Ballkultur z\u00e4hlt.<br \/>\n[\/et_pb_text][\/et_pb_column][et_pb_column type=&#8220;2_5&#8243; _builder_version=&#8220;4.20.0&#8243; _module_preset=&#8220;default&#8220; global_colors_info=&#8220;{}&#8220;][et_pb_image src=&#8220;https:\/\/orchester.com\/wp-content\/uploads\/2023\/11\/z__11_.JPG.jpg&#8220; title_text=&#8220;z__11_.JPG&#8220; align=&#8220;center&#8220; _builder_version=&#8220;4.27.2&#8243; _module_preset=&#8220;default&#8220; animation_style=&#8220;slide&#8220; animation_direction=&#8220;left&#8220; hover_enabled=&#8220;0&#8243; box_shadow_style=&#8220;preset2&#8243; global_colors_info=&#8220;{}&#8220; sticky_enabled=&#8220;0&#8243;][\/et_pb_image][\/et_pb_column][\/et_pb_row][et_pb_row use_custom_gutter=&#8220;on&#8220; make_equal=&#8220;on&#8220; custom_padding_last_edited=&#8220;on|tablet&#8220; module_class=&#8220;dh-valign-center-row&#8220; _builder_version=&#8220;4.27.2&#8243; _module_preset=&#8220;default&#8220; custom_padding_tablet=&#8220;||0px||false|false&#8220; custom_padding_phone=&#8220;||0px||false|false&#8220; hover_enabled=&#8220;0&#8243; global_colors_info=&#8220;{}&#8220; sticky_enabled=&#8220;0&#8243;][et_pb_column type=&#8220;4_4&#8243; _builder_version=&#8220;4.20.0&#8243; _module_preset=&#8220;default&#8220; global_colors_info=&#8220;{}&#8220;][et_pb_text _builder_version=&#8220;4.27.2&#8243; _module_preset=&#8220;default&#8220; text_font=&#8220;Lato||||||||&#8220; text_font_size=&#8220;18px&#8220; text_line_height=&#8220;2em&#8220; position_origin_a=&#8220;center_center&#8220; width=&#8220;100%&#8220; animation_style=&#8220;fade&#8220; animation_delay=&#8220;250ms&#8220; hover_enabled=&#8220;0&#8243; global_colors_info=&#8220;{}&#8220; sticky_enabled=&#8220;0&#8243;]Auf Ansuchen der Wiener Philharmoniker, wurde ihm 2004, der Ehrentitel \u201eProfessor\u201c verliehen.<\/p>\n<p>Im Zuge des \u201eBall der Wiener Philharmoniker 2014\u201c ehrten ihn die Wiener Philharmoniker, f\u00fcr sein 25. Balljubil\u00e4um.<\/p>\n<p>2018 wurde ihm das \u201eGoldene Ehrenzeichen f\u00fcr die Verdienste um die Republik \u00d6sterreich\u201c verliehen.<\/p>\n<p>Prof. Helmut Steubl verstarb im November 2023. Sein verdienstvolles Erbe f\u00fchrt sein Sohn Wolfgang weiter.[\/et_pb_text][\/et_pb_column][\/et_pb_row][et_pb_row column_structure=&#8220;2_5,3_5&#8243; use_custom_gutter=&#8220;on&#8220; make_equal=&#8220;on&#8220; custom_padding_last_edited=&#8220;on|tablet&#8220; module_class=&#8220;dh-valign-center-row&#8220; _builder_version=&#8220;4.27.2&#8243; _module_preset=&#8220;default&#8220; custom_padding_tablet=&#8220;||0px||false|false&#8220; custom_padding_phone=&#8220;||0px||false|false&#8220; hover_enabled=&#8220;0&#8243; global_colors_info=&#8220;{}&#8220; disabled_on=&#8220;on|on|on&#8220; disabled=&#8220;on&#8220; sticky_enabled=&#8220;0&#8243;][et_pb_column type=&#8220;2_5&#8243; _builder_version=&#8220;4.20.0&#8243; _module_preset=&#8220;default&#8220; global_colors_info=&#8220;{}&#8220;][et_pb_image src=&#8220;https:\/\/orchester.com\/wp-content\/uploads\/2024\/01\/Helmut-Steubl_2.jpeg&#8220; title_text=&#8220;OLYMPUS DIGITAL CAMERA&#8220; align=&#8220;center&#8220; _builder_version=&#8220;4.24.2&#8243; _module_preset=&#8220;default&#8220; animation_style=&#8220;slide&#8220; animation_direction=&#8220;left&#8220; box_shadow_style=&#8220;preset2&#8243; global_colors_info=&#8220;{}&#8220;][\/et_pb_image][\/et_pb_column][et_pb_column type=&#8220;3_5&#8243; _builder_version=&#8220;4.20.0&#8243; _module_preset=&#8220;default&#8220; global_colors_info=&#8220;{}&#8220;][et_pb_text _builder_version=&#8220;4.25.1&#8243; _module_preset=&#8220;default&#8220; text_font=&#8220;Lato||||||||&#8220; text_font_size=&#8220;18px&#8220; text_line_height=&#8220;2em&#8220; position_origin_a=&#8220;center_center&#8220; width=&#8220;100%&#8220; animation_style=&#8220;fade&#8220; animation_delay=&#8220;250ms&#8220; global_colors_info=&#8220;{}&#8220;]Helmut Steubl wurde 1938 in Wien-Brigittenau geboren und verbrachte dort auch seine\u00a0Kindheit und Jugendjahre.<\/p>\n<p>After successfully completing his compulsory schooling, he wanted to continue his studies, but after the early death of his father and in the meagre post-war years, this was not financially viable.<\/p>\n<p>So in 1952, it was time to take up an apprenticeship. He became a retail salesman and, after two different careers and 46 uninterrupted years of work, was able to take early retirement in 1998.<\/p>\n<p style=\"font-weight: 400;\">In 1959, he married his childhood sweetheart Helga, who bore him two sons: Robert and Wolfgang.<b><\/b><\/p>\n<p>This marriage, built on mutual understanding and tolerance towards their partner, lasted until Helmut Steubl's death in November 2023.<\/p>\n<p>Like their father, both sons were musically orientated. Robert studied violin and guitar and later focussed entirely on country music. He has made a great contribution to the spread and understanding of this style of music in Austria and has been honoured with four country music awards.<\/p>\n<p>Am H\u00f6hepunkt seines Schaffens holte ihn leider sehr fr\u00fch der liebe Gott zu sich. Posthum wurde ihm vom ACMF (Austrian Country Music Federation) 2001 der Award \u201eHall of Fame\u201c verliehen.[\/et_pb_text][\/et_pb_column][\/et_pb_row][et_pb_row use_custom_gutter=&#8220;on&#8220; make_equal=&#8220;on&#8220; custom_padding_last_edited=&#8220;on|tablet&#8220; module_class=&#8220;dh-valign-center-row&#8220; _builder_version=&#8220;4.27.2&#8243; _module_preset=&#8220;default&#8220; custom_padding_tablet=&#8220;||0px||false|false&#8220; custom_padding_phone=&#8220;||0px||false|false&#8220; hover_enabled=&#8220;0&#8243; global_colors_info=&#8220;{}&#8220; disabled_on=&#8220;on|on|on&#8220; disabled=&#8220;on&#8220; sticky_enabled=&#8220;0&#8243;][et_pb_column type=&#8220;4_4&#8243; _builder_version=&#8220;4.20.0&#8243; _module_preset=&#8220;default&#8220; global_colors_info=&#8220;{}&#8220;][et_pb_text _builder_version=&#8220;4.24.2&#8243; _module_preset=&#8220;default&#8220; text_font=&#8220;Lato||||||||&#8220; text_font_size=&#8220;18px&#8220; text_line_height=&#8220;2em&#8220; position_origin_a=&#8220;center_center&#8220; width=&#8220;100%&#8220; animation_style=&#8220;fade&#8220; global_colors_info=&#8220;{}&#8220;]<\/p>\n<p>Despite his poor circumstances, his parents made it possible for their son Helmut to take violin lessons in 1946. After a short time, he gained his first experience of ensemble playing in the youth orchestra of the All Saints' parish in Vienna's 20th district and soon made his first official appearances as \"concertmaster\" at high masses in church and as a musical accompanist for theatre performances.<\/p>\n<p>During these years, jazz became very popular in Austria.<\/p>\n<p>Helmut got himself a slide trombone and took lessons. He realised that he had a special gift for this style of music and was soon able to jazz and improvise in a sextet. It was only natural that the young man who had previously played the violin should develop into an advocate and permanent practitioner of swing and jazz!<\/p>\n<p>Helmut's first engagement was in the \"Austria-Tanzorchester Franz Punz\", which performed as a second orchestra alongside the then very well-known orchestra of Prof. Leo Jaritz.<\/p>\n<p>He was also a welcome guest trombonist in other bands and was able to gain a lot of important experience for his musical future.<\/p>\n<p>In 1970 Franz Punz died unexpectedly and the subsequent \"players' meeting\" appointed Helmut Steubl as the new band leader.<\/p>\n<p>&nbsp;<\/p>\n<p style=\"font-weight: 400;\"><i>for my childhood friend Helmut Steubl \u2013 by Walter Bilek, 12\/2005<\/i><\/p>\n<p>[\/et_pb_text][\/et_pb_column][\/et_pb_row][\/et_pb_section]<\/p>","protected":false},"excerpt":{"rendered":"<p>\u00dcber meinen Vater, ProfessorHelmut SteublMusikalische BiographieHelmut Steubl wurde 1938 in Wien-Brigittenau geboren. Trotz \u00e4rmlicher Verh\u00e4ltnisse erm\u00f6glichten 1946 die Eltern den Violine-Unterricht f\u00fcr ihren Sohn Helmut. Nach kurzer Zeit sammelte er im Kreise des Jugendorchesters der Pfarre Allerheiligen im 20. Wiener Gemeindebezirk die ersten Erfahrungen im Ensemblespiel und absolvierte bald seine ersten offiziellen Auftritte als \u201eKonzertmeister\u201c [&hellip;]<\/p>","protected":false},"author":1,"featured_media":0,"parent":0,"menu_order":0,"comment_status":"closed","ping_status":"closed","template":"","meta":{"_et_pb_use_builder":"on","_et_pb_old_content":"","_et_gb_content_width":"","footnotes":""},"class_list":["post-132","page","type-page","status-publish","hentry"],"yoast_head":"<!-- This site is optimized with the Yoast SEO plugin v23.6 - https:\/\/yoast.com\/wordpress\/plugins\/seo\/ -->\n<title>Helmut Steubl - Orchester Wolfgang Steubl<\/title>\n<meta name=\"robots\" content=\"index, follow, max-snippet:-1, max-image-preview:large, max-video-preview:-1\" \/>\n<link rel=\"canonical\" href=\"https:\/\/orchester.com\/en\/helmut-steubl\/\" \/>\n<meta property=\"og:locale\" content=\"en_GB\" \/>\n<meta property=\"og:type\" content=\"article\" \/>\n<meta property=\"og:title\" content=\"Helmut Steubl - Orchester Wolfgang Steubl\" \/>\n<meta property=\"og:description\" content=\"\u00dcber meinen Vater, ProfessorHelmut SteublMusikalische BiographieHelmut Steubl wurde 1938 in Wien-Brigittenau geboren. Trotz \u00e4rmlicher Verh\u00e4ltnisse erm\u00f6glichten 1946 die Eltern den Violine-Unterricht f\u00fcr ihren Sohn Helmut. Nach kurzer Zeit sammelte er im Kreise des Jugendorchesters der Pfarre Allerheiligen im 20. Wiener Gemeindebezirk die ersten Erfahrungen im Ensemblespiel und absolvierte bald seine ersten offiziellen Auftritte als \u201eKonzertmeister\u201c [&hellip;]\" \/>\n<meta property=\"og:url\" content=\"https:\/\/orchester.com\/en\/helmut-steubl\/\" \/>\n<meta property=\"og:site_name\" content=\"Orchester Wolfgang Steubl\" \/>\n<meta property=\"article:modified_time\" content=\"2024-10-14T10:03:33+00:00\" \/>\n<meta name=\"twitter:card\" content=\"summary_large_image\" \/>\n<meta name=\"twitter:label1\" content=\"Estimated reading time\" \/>\n\t<meta name=\"twitter:data1\" content=\"3 minutes\" \/>\n<script type=\"application\/ld+json\" class=\"yoast-schema-graph\">{\"@context\":\"https:\/\/schema.org\",\"@graph\":[{\"@type\":\"WebPage\",\"@id\":\"https:\/\/orchester.com\/helmut-steubl\/\",\"url\":\"https:\/\/orchester.com\/helmut-steubl\/\",\"name\":\"Helmut Steubl - Orchester Wolfgang Steubl\",\"isPartOf\":{\"@id\":\"https:\/\/orchester.com\/#website\"},\"datePublished\":\"2024-01-05T11:59:47+00:00\",\"dateModified\":\"2024-10-14T10:03:33+00:00\",\"breadcrumb\":{\"@id\":\"https:\/\/orchester.com\/helmut-steubl\/#breadcrumb\"},\"inLanguage\":\"en-GB\",\"potentialAction\":[{\"@type\":\"ReadAction\",\"target\":[\"https:\/\/orchester.com\/helmut-steubl\/\"]}]},{\"@type\":\"BreadcrumbList\",\"@id\":\"https:\/\/orchester.com\/helmut-steubl\/#breadcrumb\",\"itemListElement\":[{\"@type\":\"ListItem\",\"position\":1,\"name\":\"Startseite\",\"item\":\"https:\/\/orchester.com\/\"},{\"@type\":\"ListItem\",\"position\":2,\"name\":\"Helmut Steubl\"}]},{\"@type\":\"WebSite\",\"@id\":\"https:\/\/orchester.com\/#website\",\"url\":\"https:\/\/orchester.com\/\",\"name\":\"Orchester Wolfgang Steubl\",\"description\":\"Die Klangk\u00f6rper mit Wiener Charme\",\"potentialAction\":[{\"@type\":\"SearchAction\",\"target\":{\"@type\":\"EntryPoint\",\"urlTemplate\":\"https:\/\/orchester.com\/?s={search_term_string}\"},\"query-input\":{\"@type\":\"PropertyValueSpecification\",\"valueRequired\":true,\"valueName\":\"search_term_string\"}}],\"inLanguage\":\"en-GB\"}]}<\/script>\n<!-- \/ Yoast SEO plugin. -->","yoast_head_json":{"title":"Helmut Steubl - Orchester Wolfgang Steubl","robots":{"index":"index","follow":"follow","max-snippet":"max-snippet:-1","max-image-preview":"max-image-preview:large","max-video-preview":"max-video-preview:-1"},"canonical":"https:\/\/orchester.com\/en\/helmut-steubl\/","og_locale":"en_GB","og_type":"article","og_title":"Helmut Steubl - Orchester Wolfgang Steubl","og_description":"\u00dcber meinen Vater, ProfessorHelmut SteublMusikalische BiographieHelmut Steubl wurde 1938 in Wien-Brigittenau geboren. Trotz \u00e4rmlicher Verh\u00e4ltnisse erm\u00f6glichten 1946 die Eltern den Violine-Unterricht f\u00fcr ihren Sohn Helmut. Nach kurzer Zeit sammelte er im Kreise des Jugendorchesters der Pfarre Allerheiligen im 20. Wiener Gemeindebezirk die ersten Erfahrungen im Ensemblespiel und absolvierte bald seine ersten offiziellen Auftritte als \u201eKonzertmeister\u201c [&hellip;]","og_url":"https:\/\/orchester.com\/en\/helmut-steubl\/","og_site_name":"Orchester Wolfgang Steubl","article_modified_time":"2024-10-14T10:03:33+00:00","twitter_card":"summary_large_image","twitter_misc":{"Estimated reading time":"3 minutes"},"schema":{"@context":"https:\/\/schema.org","@graph":[{"@type":"WebPage","@id":"https:\/\/orchester.com\/helmut-steubl\/","url":"https:\/\/orchester.com\/helmut-steubl\/","name":"Helmut Steubl - Orchester Wolfgang Steubl","isPartOf":{"@id":"https:\/\/orchester.com\/#website"},"datePublished":"2024-01-05T11:59:47+00:00","dateModified":"2024-10-14T10:03:33+00:00","breadcrumb":{"@id":"https:\/\/orchester.com\/helmut-steubl\/#breadcrumb"},"inLanguage":"en-GB","potentialAction":[{"@type":"ReadAction","target":["https:\/\/orchester.com\/helmut-steubl\/"]}]},{"@type":"BreadcrumbList","@id":"https:\/\/orchester.com\/helmut-steubl\/#breadcrumb","itemListElement":[{"@type":"ListItem","position":1,"name":"Startseite","item":"https:\/\/orchester.com\/"},{"@type":"ListItem","position":2,"name":"Helmut Steubl"}]},{"@type":"WebSite","@id":"https:\/\/orchester.com\/#website","url":"https:\/\/orchester.com\/","name":"Orchester Wolfgang Steubl","description":"Die Klangk\u00f6rper mit Wiener Charme","potentialAction":[{"@type":"SearchAction","target":{"@type":"EntryPoint","urlTemplate":"https:\/\/orchester.com\/?s={search_term_string}"},"query-input":{"@type":"PropertyValueSpecification","valueRequired":true,"valueName":"search_term_string"}}],"inLanguage":"en-GB"}]}},"_links":{"self":[{"href":"https:\/\/orchester.com\/en\/wp-json\/wp\/v2\/pages\/132","targetHints":{"allow":["GET"]}}],"collection":[{"href":"https:\/\/orchester.com\/en\/wp-json\/wp\/v2\/pages"}],"about":[{"href":"https:\/\/orchester.com\/en\/wp-json\/wp\/v2\/types\/page"}],"author":[{"embeddable":true,"href":"https:\/\/orchester.com\/en\/wp-json\/wp\/v2\/users\/1"}],"replies":[{"embeddable":true,"href":"https:\/\/orchester.com\/en\/wp-json\/wp\/v2\/comments?post=132"}],"version-history":[{"count":10,"href":"https:\/\/orchester.com\/en\/wp-json\/wp\/v2\/pages\/132\/revisions"}],"predecessor-version":[{"id":625,"href":"https:\/\/orchester.com\/en\/wp-json\/wp\/v2\/pages\/132\/revisions\/625"}],"wp:attachment":[{"href":"https:\/\/orchester.com\/en\/wp-json\/wp\/v2\/media?parent=132"}],"curies":[{"name":"wp","href":"https:\/\/api.w.org\/{rel}","templated":true}]}}