{"id":268,"date":"2024-03-04T13:36:17","date_gmt":"2024-03-04T13:36:17","guid":{"rendered":"https:\/\/orchester.com\/?page_id=268"},"modified":"2024-05-22T10:06:57","modified_gmt":"2024-05-22T10:06:57","slug":"testseite","status":"publish","type":"page","link":"https:\/\/orchester.com\/en\/","title":{"rendered":"Home"},"content":{"rendered":"<p>[et_pb_section fb_built=&#8220;1&#8243; admin_label=&#8220;Header&#8220; _builder_version=&#8220;4.25.1&#8243; _module_preset=&#8220;default&#8220; use_background_color_gradient=&#8220;on&#8220; background_color_gradient_direction=&#8220;165deg&#8220; background_color_gradient_stops=&#8220;rgba(175,22,22,0.75) 0%|#000000 42%|rgba(91,91,91,0.4) 57%|rgba(175,22,22,0.75) 93%&#8220; background_image=&#8220;https:\/\/orchester.com\/wp-content\/uploads\/2024\/04\/Sommernachtsball2023_freigestellt.png&#8220; min_height=&#8220;95vh&#8220; custom_margin=&#8220;-8vh||||false|false&#8220; bottom_divider_style=&#8220;ramp2&#8243; bottom_divider_color=&#8220;rgba(255,255,255,0.23)&#8220; bottom_divider_height=&#8220;500px&#8220; bottom_divider_flip=&#8220;horizontal&#8220; bottom_divider_arrangement=&#8220;above_content&#8220; background_last_edited=&#8220;on|phone&#8220; use_background_color_gradient_phone=&#8220;on&#8220; background_color_gradient_stops_phone=&#8220;rgba(175,22,22,0.75) 0%|#000000 43%|#727272 56%|rgba(175,22,22,0.75) 93%&#8220; parallax_phone=&#8220;off&#8220; background_position_phone=&#8220;center_left&#8220; background_horizontal_offset_phone=&#8220;28%&#8220; locked=&#8220;off&#8220; collapsed=&#8220;off&#8220; global_colors_info=&#8220;{}&#8220;][et_pb_row column_structure=&#8220;1_2,1_2&#8243; _builder_version=&#8220;4.24.2&#8243; _module_preset=&#8220;default&#8220; positioning=&#8220;absolute&#8220; position_origin_a=&#8220;center_center&#8220; position_origin_f=&#8220;center_center&#8220; position_origin_r=&#8220;bottom_left&#8220; motion_trigger_start=&#8220;top&#8220; global_colors_info=&#8220;{}&#8220;][et_pb_column type=&#8220;1_2&#8243; _builder_version=&#8220;4.20.0&#8243; _module_preset=&#8220;default&#8220; global_colors_info=&#8220;{}&#8220;][\/et_pb_column][et_pb_column type=&#8220;1_2&#8243; _builder_version=&#8220;4.20.0&#8243; _module_preset=&#8220;default&#8220; global_colors_info=&#8220;{}&#8220;][et_pb_text _builder_version=&#8220;4.24.2&#8243; _module_preset=&#8220;b99ecd07-8cbb-422a-9a88-32c0c03d5822&#8243; header_4_font=&#8220;Lato|600||on|||||&#8220; header_4_text_color=&#8220;#FFFFFF&#8220; header_4_font_size=&#8220;1em&#8220; text_orientation=&#8220;center&#8220; animation_style=&#8220;fade&#8220; animation_delay=&#8220;1500ms&#8220; header_4_text_shadow_style=&#8220;preset2&#8243; global_colors_info=&#8220;{}&#8220;]<\/p>\n<h4 style=\"text-align: left;\">Orchestra<\/h4>\n<p>[\/et_pb_text][et_pb_text _builder_version=&#8220;4.24.2&#8243; _module_preset=&#8220;74bb6c8b-1b00-4fce-9498-2b786e143135&#8243; header_font=&#8220;Playfair|||on|||||&#8220; header_text_color=&#8220;#FFFFFF&#8220; header_font_size=&#8220;5em&#8220; text_orientation=&#8220;center&#8220; animation_style=&#8220;slide&#8220; animation_direction=&#8220;bottom&#8220; animation_duration=&#8220;1500ms&#8220; motion_trigger_start=&#8220;top&#8220; header_font_size_tablet=&#8220;4em&#8220; header_font_size_phone=&#8220;2em&#8220; header_text_shadow_style=&#8220;preset5&#8243; header_text_shadow_horizontal_length=&#8220;0.04em&#8220; header_text_shadow_vertical_length=&#8220;0.04em&#8220; header_text_shadow_color=&#8220;#000000&#8243; global_colors_info=&#8220;{}&#8220;]<\/p>\n<h1 style=\"text-align: left;\">Wolfgang Steubl<\/h1>\n<p>[\/et_pb_text][et_pb_text _builder_version=&#8220;4.24.3&#8243; _module_preset=&#8220;b99ecd07-8cbb-422a-9a88-32c0c03d5822&#8243; header_4_font=&#8220;Lato|600||on|||||&#8220; header_4_text_color=&#8220;#FFFFFF&#8220; header_4_font_size=&#8220;1em&#8220; text_orientation=&#8220;center&#8220; animation_style=&#8220;slide&#8220; animation_delay=&#8220;2000ms&#8220; motion_trigger_start=&#8220;top&#8220; header_4_text_shadow_style=&#8220;preset2&#8243; global_colors_info=&#8220;{}&#8220;]<\/p>\n<h4 style=\"text-align: left;\">The ensembles<br \/>with Viennese charm<\/h4>\n<p>[\/et_pb_text][et_pb_icon font_icon=&#8220;&#x3b;||divi||400&#8243; icon_color=&#8220;#FFFFFF&#8220; icon_width=&#8220;40px&#8220; url=&#8220;#top&#8220; align=&#8220;left&#8220; align_last_edited=&#8220;off|phone&#8220; module_class=&#8220;bounci&#8220; _builder_version=&#8220;4.24.3&#8243; _module_preset=&#8220;default&#8220; custom_margin=&#8220;20px||||false|false&#8220; animation_style=&#8220;fade&#8220; animation_direction=&#8220;right&#8220; animation_delay=&#8220;2500ms&#8220; global_colors_info=&#8220;{}&#8220;][\/et_pb_icon][\/et_pb_column][\/et_pb_row][\/et_pb_section][et_pb_section fb_built=&#8220;1&#8243; admin_label=&#8220;Services&#8220; module_id=&#8220;top&#8220; _builder_version=&#8220;4.24.3&#8243; _module_preset=&#8220;default&#8220; collapsed=&#8220;off&#8220; global_colors_info=&#8220;{}&#8220;][et_pb_row use_custom_gutter=&#8220;on&#8220; make_equal=&#8220;on&#8220; custom_padding_last_edited=&#8220;on|tablet&#8220; module_class=&#8220;dh-valign-center-row&#8220; _builder_version=&#8220;4.23.1&#8243; _module_preset=&#8220;default&#8220; custom_padding_tablet=&#8220;||0px||false|false&#8220; custom_padding_phone=&#8220;||0px||false|false&#8220; locked=&#8220;off&#8220; global_colors_info=&#8220;{}&#8220;][et_pb_column type=&#8220;4_4&#8243; _builder_version=&#8220;4.20.0&#8243; _module_preset=&#8220;default&#8220; global_colors_info=&#8220;{}&#8220;][et_pb_text _builder_version=&#8220;4.25.1&#8243; _module_preset=&#8220;default&#8220; text_font=&#8220;Lato||||||||&#8220; text_font_size=&#8220;18px&#8220; text_line_height=&#8220;2em&#8220; header_2_font=&#8220;&#8211;et_global_heading_font||||||||&#8220; header_2_font_size=&#8220;2em&#8220; header_2_line_height=&#8220;1.4em&#8220; position_origin_a=&#8220;center_center&#8220; width=&#8220;100%&#8220; animation_style=&#8220;fade&#8220; animation_delay=&#8220;250ms&#8220; global_colors_info=&#8220;{}&#8220;]<\/p>\n<h2 style=\"text-align: center;\">Vienna is particularly rich when it comes to musical dynasties.<br \/>It is therefore not surprising that these dynasties also exist in the current Viennese orchestral scene.<\/h2>\n<h2 style=\"text-align: center;\">Not many. But there are.<\/h2>\n<p style=\"text-align: center;\">Passing on traditional, proven and cherished values is important to these people. The new generation of musicians continues to live these values in order to grow and open up to people.<\/p>\n<p style=\"text-align: center;\">This is how traditional Viennese music was lived and played, passed on from Professor Helmut Steubl to his son Wolfgang Steubl. Uncompromising when it comes to acting as musical ambassadors of \"their city\" Vienna and implementing the music of the world and when it comes to the quality of the music and the performances.<\/p>\n<p style=\"text-align: center;\">Even non-music experts know: Every note fits here. Every bar is as sonorous as it should be.<\/p>\n<p style=\"text-align: center;\">Whether you dance to the sounds of the Vienna Ball Orchestra, follow the rhythms of the Big Band or indulge in the sound of their little sister, the \"Austria Swingtett\": you will soon realise that people who know each other, respect each other and have an irrepressible joy in what they create, make music together: Playing the best music in the world for you, live and real.<\/p>\n<p style=\"text-align: center;\">So that your guests don't have to endure any musical interruptions at your event, hire the \"Wiener Ballorchester Steubl\" and the \"Wolfgang Steubl BigBand\" or the \"Austria Swingtett\" to organise your event. All orchestras are coordinated in such a way that there is a playful musical transition for the guests, which everyone will enjoy and find easy to follow.<\/p>\n<p style=\"text-align: center;\">Let yourself be carried away into the musical world of the \"Orchester Steubl\" with the following formations:<\/p>\n<p>[\/et_pb_text][\/et_pb_column][\/et_pb_row][et_pb_row disabled_on=&#8220;on|on|on&#8220; _builder_version=&#8220;4.25.1&#8243; _module_preset=&#8220;default&#8220; positioning=&#8220;none&#8220; position_origin_a=&#8220;center_center&#8220; animation_style=&#8220;slide&#8220; disabled=&#8220;on&#8220; locked=&#8220;off&#8220; global_colors_info=&#8220;{}&#8220;][et_pb_column type=&#8220;4_4&#8243; _builder_version=&#8220;4.20.0&#8243; _module_preset=&#8220;default&#8220; global_colors_info=&#8220;{}&#8220;][et_pb_text _builder_version=&#8220;4.23.1&#8243; _module_preset=&#8220;b99ecd07-8cbb-422a-9a88-32c0c03d5822&#8243; text_text_color=&#8220;#000000&#8243; header_4_font=&#8220;Lato|600||on|||||&#8220; header_4_text_color=&#8220;#3f3f3f&#8220; text_orientation=&#8220;center&#8220; global_colors_info=&#8220;{}&#8220;]<\/p>\n<h4>The<\/h4>\n<p>[\/et_pb_text][et_pb_text _builder_version=&#8220;4.25.1&#8243; _module_preset=&#8220;74bb6c8b-1b00-4fce-9498-2b786e143135&#8243; header_font=&#8220;Playfair|||on|||||&#8220; header_text_color=&#8220;#3f3f3f&#8220; header_font_size=&#8220;64px&#8220; text_orientation=&#8220;center&#8220; global_colors_info=&#8220;{}&#8220;]<\/p>\n<h1>Orchestra<\/h1>\n<p>[\/et_pb_text][\/et_pb_column][\/et_pb_row][et_pb_row column_structure=&#8220;1_3,1_3,1_3&#8243; custom_padding_last_edited=&#8220;on|tablet&#8220; disabled_on=&#8220;off|off|off&#8220; _builder_version=&#8220;4.25.1&#8243; _module_preset=&#8220;default&#8220; custom_padding_tablet=&#8220;||0px||false|false&#8220; custom_padding_phone=&#8220;||0px||false|false&#8220; saved_tabs=&#8220;all&#8220; global_colors_info=&#8220;{}&#8220;][et_pb_column type=&#8220;1_3&#8243; _builder_version=&#8220;4.24.2&#8243; _module_preset=&#8220;default&#8220; background_color=&#8220;RGBA(255,255,255,0)&#8220; animation_style=&#8220;fade&#8220; animation_delay=&#8220;500ms&#8220; link_option_url=&#8220;#&#8220; box_shadow_style=&#8220;preset4&#8243; box_shadow_horizontal=&#8220;0px&#8220; box_shadow_vertical=&#8220;0px&#8220; box_shadow_color=&#8220;#F9F9F9&#8243; global_colors_info=&#8220;{}&#8220; background__hover_enabled=&#8220;on|desktop&#8220; box_shadow_spread__hover_enabled=&#8220;on|hover&#8220; box_shadow_spread__hover=&#8220;20px&#8220; background_color__hover=&#8220;#F9F9F9&#8243; background_enable_color__hover=&#8220;on&#8220;][et_pb_image src=&#8220;https:\/\/orchester.com\/wp-content\/uploads\/2023\/11\/violins-1838390_1920.jpg&#8220; title_text=&#8220;violins-1838390_1920&#8243; _builder_version=&#8220;4.25.1&#8243; _module_preset=&#8220;default&#8220; hover_enabled=&#8220;0&#8243; global_colors_info=&#8220;{}&#8220; url=&#8220;@ET-DC@eyJkeW5hbWljIjp0cnVlLCJjb250ZW50IjoicG9zdF9saW5rX3VybF9wYWdlIiwic2V0dGluZ3MiOnsicG9zdF9pZCI6Ijg0In19@&#8220; _dynamic_attributes=&#8220;url&#8220; sticky_enabled=&#8220;0&#8243;][\/et_pb_image][et_pb_blurb title=&#8220;Gro\u00dfes Ballorchester&#8220; image=&#8220;https:\/\/orchester.com\/wp-content\/uploads\/2023\/11\/Clef.png&#8220; icon_placement=&#8220;left&#8220; _builder_version=&#8220;4.24.3&#8243; _module_preset=&#8220;default&#8220; header_font=&#8220;Playfair|||on|||||&#8220; header_letter_spacing=&#8220;2px&#8220; global_colors_info=&#8220;{}&#8220;]<\/p>\n<p><span>A string orchestra playing waltz music by the Strauss family, Lanner, Leh\u00e1r, Ziehrer and K\u00e1lm\u00e1n is a must have at a typical Viennese ball.<\/span><\/p>\n<p>[\/et_pb_blurb][et_pb_button button_url=&#8220;@ET-DC@eyJkeW5hbWljIjp0cnVlLCJjb250ZW50IjoicG9zdF9saW5rX3VybF9wYWdlIiwic2V0dGluZ3MiOnsicG9zdF9pZCI6Ijg0In19@&#8220; button_text=&#8220;mehr lesen&#8220; button_alignment=&#8220;right&#8220; _builder_version=&#8220;4.23.2&#8243; _dynamic_attributes=&#8220;button_url&#8220; _module_preset=&#8220;default&#8220; custom_button=&#8220;on&#8220; button_text_size=&#8220;14px&#8220; button_text_color=&#8220;#FFFFFF&#8220; button_bg_color=&#8220;#d4af37&#8243; button_letter_spacing=&#8220;2px&#8220; button_font=&#8220;Lato|600||on|||||&#8220; button_on_hover=&#8220;off&#8220; global_colors_info=&#8220;{}&#8220;][\/et_pb_button][\/et_pb_column][et_pb_column type=&#8220;1_3&#8243; _builder_version=&#8220;4.24.2&#8243; _module_preset=&#8220;default&#8220; background_color=&#8220;RGBA(255,255,255,0)&#8220; animation_style=&#8220;fade&#8220; animation_delay=&#8220;750ms&#8220; link_option_url=&#8220;#&#8220; box_shadow_style=&#8220;preset4&#8243; box_shadow_horizontal=&#8220;0px&#8220; box_shadow_vertical=&#8220;0px&#8220; box_shadow_color=&#8220;#F9F9F9&#8243; global_colors_info=&#8220;{}&#8220; background__hover_enabled=&#8220;on|hover&#8220; box_shadow_spread__hover=&#8220;20px&#8220; box_shadow_spread__hover_enabled=&#8220;on|hover&#8220; background_color__hover=&#8220;#F9F9F9&#8243; background_enable_color__hover=&#8220;on&#8220;][et_pb_image src=&#8220;https:\/\/orchester.com\/wp-content\/uploads\/2024\/01\/musical-instrument-3855798_1920.jpg&#8220; title_text=&#8220;musical-instrument-3855798_1920&#8243; _builder_version=&#8220;4.25.1&#8243; _module_preset=&#8220;default&#8220; hover_enabled=&#8220;0&#8243; global_colors_info=&#8220;{}&#8220; url=&#8220;@ET-DC@eyJkeW5hbWljIjp0cnVlLCJjb250ZW50IjoicG9zdF9saW5rX3VybF9wYWdlIiwic2V0dGluZ3MiOnsicG9zdF9pZCI6IjEwMCJ9fQ==@&#8220; _dynamic_attributes=&#8220;url&#8220; sticky_enabled=&#8220;0&#8243;][\/et_pb_image][et_pb_blurb title=&#8220;Big Band&#8220; image=&#8220;https:\/\/orchester.com\/wp-content\/uploads\/2023\/11\/Clef.png&#8220; icon_placement=&#8220;left&#8220; _builder_version=&#8220;4.25.1&#8243; _module_preset=&#8220;default&#8220; header_font=&#8220;Playfair|||on|||||&#8220; header_letter_spacing=&#8220;2px&#8220; global_colors_info=&#8220;{}&#8220;]<\/p>\n<p><span>This sound corresponds exactly to the ideas of sophisticated dance music. The precise interpretation of standard and Latin American rhythms is a prerequisite for many ball organisers to hire this orchestra.<\/span><\/p>\n<p>[\/et_pb_blurb][et_pb_button button_url=&#8220;@ET-DC@eyJkeW5hbWljIjp0cnVlLCJjb250ZW50IjoicG9zdF9saW5rX3VybF9wYWdlIiwic2V0dGluZ3MiOnsicG9zdF9pZCI6IjEwMCJ9fQ==@&#8220; button_text=&#8220;mehr lesen&#8220; button_alignment=&#8220;right&#8220; _builder_version=&#8220;4.23.2&#8243; _dynamic_attributes=&#8220;button_url&#8220; _module_preset=&#8220;default&#8220; custom_button=&#8220;on&#8220; button_text_size=&#8220;14px&#8220; button_text_color=&#8220;#FFFFFF&#8220; button_bg_color=&#8220;#d4af37&#8243; button_letter_spacing=&#8220;2px&#8220; button_font=&#8220;Lato|600||on|||||&#8220; button_on_hover=&#8220;off&#8220; locked=&#8220;off&#8220; global_colors_info=&#8220;{}&#8220;][\/et_pb_button][\/et_pb_column][et_pb_column type=&#8220;1_3&#8243; _builder_version=&#8220;4.24.2&#8243; _module_preset=&#8220;default&#8220; background_color=&#8220;RGBA(255,255,255,0)&#8220; animation_style=&#8220;fade&#8220; animation_delay=&#8220;1000ms&#8220; link_option_url=&#8220;#&#8220; box_shadow_style=&#8220;preset4&#8243; box_shadow_horizontal=&#8220;0px&#8220; box_shadow_vertical=&#8220;0px&#8220; box_shadow_color=&#8220;#F9F9F9&#8243; global_colors_info=&#8220;{}&#8220; background_color__hover=&#8220;#F9F9F9&#8243; background__hover_enabled=&#8220;on|hover&#8220; box_shadow_spread__hover=&#8220;20px&#8220; box_shadow_spread__hover_enabled=&#8220;on|hover&#8220; background_enable_color__hover=&#8220;on&#8220;][et_pb_image src=&#8220;https:\/\/orchester.com\/wp-content\/uploads\/2024\/01\/trombone-2548982_1920.jpg&#8220; title_text=&#8220;trombone-2548982_1920&#8243; _builder_version=&#8220;4.25.1&#8243; _module_preset=&#8220;default&#8220; hover_enabled=&#8220;0&#8243; global_colors_info=&#8220;{}&#8220; url=&#8220;@ET-DC@eyJkeW5hbWljIjp0cnVlLCJjb250ZW50IjoicG9zdF9saW5rX3VybF9wYWdlIiwic2V0dGluZ3MiOnsicG9zdF9pZCI6IjExNSJ9fQ==@&#8220; _dynamic_attributes=&#8220;url&#8220; sticky_enabled=&#8220;0&#8243;][\/et_pb_image][et_pb_blurb title=&#8220;Austria Swingtett&#8220; image=&#8220;https:\/\/orchester.com\/wp-content\/uploads\/2023\/11\/Clef.png&#8220; icon_placement=&#8220;left&#8220; _builder_version=&#8220;4.23.1&#8243; _module_preset=&#8220;default&#8220; header_font=&#8220;Playfair|||on|||||&#8220; header_letter_spacing=&#8220;2px&#8220; global_colors_info=&#8220;{}&#8220;]<\/p>\n<p><span>The alternative to the BigBand for smaller venues or events is characterised in particular by its versatility.<\/span><\/p>\n<p>[\/et_pb_blurb][et_pb_button button_url=&#8220;@ET-DC@eyJkeW5hbWljIjp0cnVlLCJjb250ZW50IjoicG9zdF9saW5rX3VybF9wYWdlIiwic2V0dGluZ3MiOnsicG9zdF9pZCI6IjExNSJ9fQ==@&#8220; button_text=&#8220;mehr lesen&#8220; button_alignment=&#8220;right&#8220; _builder_version=&#8220;4.23.2&#8243; _dynamic_attributes=&#8220;button_url&#8220; _module_preset=&#8220;default&#8220; custom_button=&#8220;on&#8220; button_text_size=&#8220;14px&#8220; button_text_color=&#8220;#FFFFFF&#8220; button_bg_color=&#8220;#d4af37&#8243; button_letter_spacing=&#8220;2px&#8220; button_font=&#8220;Lato|600||on|||||&#8220; button_on_hover=&#8220;off&#8220; locked=&#8220;off&#8220; global_colors_info=&#8220;{}&#8220;][\/et_pb_button][\/et_pb_column][\/et_pb_row][\/et_pb_section]<\/p>","protected":false},"excerpt":{"rendered":"<p>OrchesterWolfgang SteublDie Klangk\u00f6rpermit Wiener CharmeWenn es um Musikerdynastien geht, ist Wien besonders reich.Deshalb ist es nicht verwunderlich, dass es auch in der gegenw\u00e4rtigen Wiener Orchesterszene diese Dynastien gibt. Nicht viele. Aber doch. Das Weitergeben von traditionellen, bew\u00e4hrten und gepflegten Werten ist diesen Menschen wichtig. Durch die neue Generation an Musikern werden diese Werte weiter gelebt [&hellip;]<\/p>","protected":false},"author":1,"featured_media":0,"parent":0,"menu_order":0,"comment_status":"closed","ping_status":"closed","template":"","meta":{"_et_pb_use_builder":"on","_et_pb_old_content":"","_et_gb_content_width":"","footnotes":""},"class_list":["post-268","page","type-page","status-publish","hentry"],"yoast_head":"<!-- This site is optimized with the Yoast SEO plugin v23.6 - https:\/\/yoast.com\/wordpress\/plugins\/seo\/ -->\n<title>Start - Orchester Wolfgang Steubl<\/title>\n<meta name=\"robots\" content=\"index, follow, max-snippet:-1, max-image-preview:large, max-video-preview:-1\" \/>\n<link rel=\"canonical\" href=\"https:\/\/orchester.com\/en\/\" \/>\n<meta property=\"og:locale\" content=\"en_GB\" \/>\n<meta property=\"og:type\" content=\"article\" \/>\n<meta property=\"og:title\" content=\"Start - Orchester Wolfgang Steubl\" \/>\n<meta property=\"og:description\" content=\"OrchesterWolfgang SteublDie Klangk\u00f6rpermit Wiener CharmeWenn es um Musikerdynastien geht, ist Wien besonders reich.Deshalb ist es nicht verwunderlich, dass es auch in der gegenw\u00e4rtigen Wiener Orchesterszene diese Dynastien gibt. Nicht viele. Aber doch. Das Weitergeben von traditionellen, bew\u00e4hrten und gepflegten Werten ist diesen Menschen wichtig. Durch die neue Generation an Musikern werden diese Werte weiter gelebt [&hellip;]\" \/>\n<meta property=\"og:url\" content=\"https:\/\/orchester.com\/en\/\" \/>\n<meta property=\"og:site_name\" content=\"Orchester Wolfgang Steubl\" \/>\n<meta property=\"article:modified_time\" content=\"2024-05-22T10:06:57+00:00\" \/>\n<meta name=\"twitter:card\" content=\"summary_large_image\" \/>\n<meta name=\"twitter:label1\" content=\"Estimated reading time\" \/>\n\t<meta name=\"twitter:data1\" content=\"5 minutes\" \/>\n<script type=\"application\/ld+json\" class=\"yoast-schema-graph\">{\"@context\":\"https:\/\/schema.org\",\"@graph\":[{\"@type\":\"WebPage\",\"@id\":\"https:\/\/orchester.com\/\",\"url\":\"https:\/\/orchester.com\/\",\"name\":\"Start - Orchester Wolfgang Steubl\",\"isPartOf\":{\"@id\":\"https:\/\/orchester.com\/#website\"},\"datePublished\":\"2024-03-04T13:36:17+00:00\",\"dateModified\":\"2024-05-22T10:06:57+00:00\",\"breadcrumb\":{\"@id\":\"https:\/\/orchester.com\/#breadcrumb\"},\"inLanguage\":\"en-GB\",\"potentialAction\":[{\"@type\":\"ReadAction\",\"target\":[\"https:\/\/orchester.com\/\"]}]},{\"@type\":\"BreadcrumbList\",\"@id\":\"https:\/\/orchester.com\/#breadcrumb\",\"itemListElement\":[{\"@type\":\"ListItem\",\"position\":1,\"name\":\"Startseite\",\"item\":\"https:\/\/orchester.com\/\"},{\"@type\":\"ListItem\",\"position\":2,\"name\":\"Start\"}]},{\"@type\":\"WebSite\",\"@id\":\"https:\/\/orchester.com\/#website\",\"url\":\"https:\/\/orchester.com\/\",\"name\":\"Orchester Wolfgang Steubl\",\"description\":\"Die Klangk\u00f6rper mit Wiener Charme\",\"potentialAction\":[{\"@type\":\"SearchAction\",\"target\":{\"@type\":\"EntryPoint\",\"urlTemplate\":\"https:\/\/orchester.com\/?s={search_term_string}\"},\"query-input\":{\"@type\":\"PropertyValueSpecification\",\"valueRequired\":true,\"valueName\":\"search_term_string\"}}],\"inLanguage\":\"en-GB\"}]}<\/script>\n<!-- \/ Yoast SEO plugin. -->","yoast_head_json":{"title":"Start - Orchester Wolfgang Steubl","robots":{"index":"index","follow":"follow","max-snippet":"max-snippet:-1","max-image-preview":"max-image-preview:large","max-video-preview":"max-video-preview:-1"},"canonical":"https:\/\/orchester.com\/en\/","og_locale":"en_GB","og_type":"article","og_title":"Start - Orchester Wolfgang Steubl","og_description":"OrchesterWolfgang SteublDie Klangk\u00f6rpermit Wiener CharmeWenn es um Musikerdynastien geht, ist Wien besonders reich.Deshalb ist es nicht verwunderlich, dass es auch in der gegenw\u00e4rtigen Wiener Orchesterszene diese Dynastien gibt. Nicht viele. Aber doch. Das Weitergeben von traditionellen, bew\u00e4hrten und gepflegten Werten ist diesen Menschen wichtig. Durch die neue Generation an Musikern werden diese Werte weiter gelebt [&hellip;]","og_url":"https:\/\/orchester.com\/en\/","og_site_name":"Orchester Wolfgang Steubl","article_modified_time":"2024-05-22T10:06:57+00:00","twitter_card":"summary_large_image","twitter_misc":{"Estimated reading time":"5 minutes"},"schema":{"@context":"https:\/\/schema.org","@graph":[{"@type":"WebPage","@id":"https:\/\/orchester.com\/","url":"https:\/\/orchester.com\/","name":"Start - Orchester Wolfgang Steubl","isPartOf":{"@id":"https:\/\/orchester.com\/#website"},"datePublished":"2024-03-04T13:36:17+00:00","dateModified":"2024-05-22T10:06:57+00:00","breadcrumb":{"@id":"https:\/\/orchester.com\/#breadcrumb"},"inLanguage":"en-GB","potentialAction":[{"@type":"ReadAction","target":["https:\/\/orchester.com\/"]}]},{"@type":"BreadcrumbList","@id":"https:\/\/orchester.com\/#breadcrumb","itemListElement":[{"@type":"ListItem","position":1,"name":"Startseite","item":"https:\/\/orchester.com\/"},{"@type":"ListItem","position":2,"name":"Start"}]},{"@type":"WebSite","@id":"https:\/\/orchester.com\/#website","url":"https:\/\/orchester.com\/","name":"Orchester Wolfgang Steubl","description":"Die Klangk\u00f6rper mit Wiener Charme","potentialAction":[{"@type":"SearchAction","target":{"@type":"EntryPoint","urlTemplate":"https:\/\/orchester.com\/?s={search_term_string}"},"query-input":{"@type":"PropertyValueSpecification","valueRequired":true,"valueName":"search_term_string"}}],"inLanguage":"en-GB"}]}},"_links":{"self":[{"href":"https:\/\/orchester.com\/en\/wp-json\/wp\/v2\/pages\/268","targetHints":{"allow":["GET"]}}],"collection":[{"href":"https:\/\/orchester.com\/en\/wp-json\/wp\/v2\/pages"}],"about":[{"href":"https:\/\/orchester.com\/en\/wp-json\/wp\/v2\/types\/page"}],"author":[{"embeddable":true,"href":"https:\/\/orchester.com\/en\/wp-json\/wp\/v2\/users\/1"}],"replies":[{"embeddable":true,"href":"https:\/\/orchester.com\/en\/wp-json\/wp\/v2\/comments?post=268"}],"version-history":[{"count":31,"href":"https:\/\/orchester.com\/en\/wp-json\/wp\/v2\/pages\/268\/revisions"}],"predecessor-version":[{"id":419,"href":"https:\/\/orchester.com\/en\/wp-json\/wp\/v2\/pages\/268\/revisions\/419"}],"wp:attachment":[{"href":"https:\/\/orchester.com\/en\/wp-json\/wp\/v2\/media?parent=268"}],"curies":[{"name":"wp","href":"https:\/\/api.w.org\/{rel}","templated":true}]}}