{"id":495,"date":"2024-05-26T10:08:19","date_gmt":"2024-05-26T10:08:19","guid":{"rendered":"https:\/\/orchester.com\/?page_id=495"},"modified":"2024-10-14T07:01:39","modified_gmt":"2024-10-14T07:01:39","slug":"heartbeat-of-vienna","status":"publish","type":"page","link":"https:\/\/orchester.com\/en\/mehr\/heartbeat-of-vienna\/","title":{"rendered":"Heartbeat of Vienna"},"content":{"rendered":"<p>[et_pb_section fb_built=&#8220;1&#8243; admin_label=&#8220;Header&#8220; _builder_version=&#8220;4.25.1&#8243; use_background_color_gradient=&#8220;on&#8220; background_color_gradient_stops=&#8220;rgba(31,31,38,0.88) 0%|rgba(31,31,38,0.24) 100%&#8220; background_color_gradient_overlays_image=&#8220;on&#8220; background_color_gradient_start=&#8220;rgba(31,31,38,0.88)&#8220; background_color_gradient_end=&#8220;rgba(31,31,38,0.24)&#8220; background_image=&#8220;https:\/\/orchester.com\/wp-content\/uploads\/2024\/05\/Violine-Steg.jpg&#8220; custom_margin=&#8220;-8vh||||false|false&#8220; custom_padding=&#8220;6vw||0px||false|false&#8220; locked=&#8220;off&#8220; collapsed=&#8220;off&#8220; global_colors_info=&#8220;{}&#8220;][et_pb_row custom_padding_last_edited=&#8220;on|desktop&#8220; _builder_version=&#8220;4.25.1&#8243; use_background_color_gradient=&#8220;on&#8220; background_color_gradient_stops=&#8220;rgba(67,78,92,0.32) 0%|rgba(31,31,38,0.71) 100%&#8220; background_color_gradient_overlays_image=&#8220;on&#8220; background_color_gradient_start=&#8220;rgba(67,78,92,0.32)&#8220; background_color_gradient_end=&#8220;rgba(31,31,38,0.71)&#8220; background_enable_image=&#8220;off&#8220; background_video_mp4=&#8220;https:\/\/orchester.com\/wp-content\/uploads\/2024\/05\/Heartbeat-of-Vienna-Der-Herzschlag-von-Wien.mp4&#8243; width=&#8220;90%&#8220; max_width=&#8220;none&#8220; module_alignment=&#8220;left&#8220; custom_margin_tablet=&#8220;|auto||0px|false|false&#8220; custom_margin_last_edited=&#8220;off|desktop&#8220; custom_padding=&#8220;10vw|20px|18vw|20px|false|true&#8220; custom_padding_tablet=&#8220;16vw||16vw||true|false&#8220; custom_padding_phone=&#8220;||||false|false&#8220; border_color_all=&#8220;#1f1f26&#8243; border_width_right=&#8220;8vw&#8220; locked=&#8220;off&#8220; global_colors_info=&#8220;{}&#8220;][et_pb_column type=&#8220;4_4&#8243; _builder_version=&#8220;4.25.1&#8243; global_colors_info=&#8220;{}&#8220;][et_pb_image src=&#8220;https:\/\/orchester.com\/wp-content\/uploads\/2024\/05\/Heartbeat-of-Vienna_transp_shad-1024&#215;312.png&#8220; title_text=&#8220;Heartbeat of Vienna_transp_shad&#8220; _builder_version=&#8220;4.25.1&#8243; _module_preset=&#8220;default&#8220; width=&#8220;50%&#8220; module_alignment=&#8220;center&#8220; global_colors_info=&#8220;{}&#8220;][\/et_pb_image][\/et_pb_column][\/et_pb_row][et_pb_row column_structure=&#8220;1_2,1_2&#8243; make_equal=&#8220;on&#8220; _builder_version=&#8220;4.25.1&#8243; positioning=&#8220;absolute&#8220; position_origin_a=&#8220;bottom_left&#8220; position_origin_a_tablet=&#8220;&#8220; position_origin_a_phone=&#8220;&#8220; position_origin_a_last_edited=&#8220;on|desktop&#8220; position_origin_f_tablet=&#8220;&#8220; position_origin_f_phone=&#8220;&#8220; position_origin_f_last_edited=&#8220;on|desktop&#8220; position_origin_r_tablet=&#8220;&#8220; position_origin_r_phone=&#8220;&#8220; position_origin_r_last_edited=&#8220;on|desktop&#8220; width=&#8220;90%&#8220; max_width=&#8220;none&#8220; custom_margin=&#8220;|auto||0px|false|false&#8220; custom_padding=&#8220;0px||0px|10vw|true|false&#8220; positioning_tablet=&#8220;none&#8220; positioning_phone=&#8220;&#8220; positioning_last_edited=&#8220;on|tablet&#8220; box_shadow_style=&#8220;preset4&#8243; box_shadow_horizontal=&#8220;30vw&#8220; box_shadow_vertical=&#8220;0px&#8220; box_shadow_color=&#8220;#ffffff&#8220; locked=&#8220;off&#8220; global_colors_info=&#8220;{}&#8220;][et_pb_column type=&#8220;1_2&#8243; _builder_version=&#8220;4.16&#8243; custom_padding=&#8220;||||false|false&#8220; global_colors_info=&#8220;{}&#8220;][\/et_pb_column][et_pb_column type=&#8220;1_2&#8243; _builder_version=&#8220;4.25.1&#8243; background_color=&#8220;rgba(212,175,55,0.6)&#8220; custom_padding=&#8220;60px|4%|60px|4%|true|true&#8220; animation_style=&#8220;slide&#8220; animation_direction=&#8220;right&#8220; animation_delay=&#8220;300ms&#8220; global_colors_info=&#8220;{}&#8220;][et_pb_text _builder_version=&#8220;4.25.1&#8243; text_font_size=&#8220;16px&#8220; header_3_font=&#8220;Playfair||||||||&#8220; header_3_font_size=&#8220;30px&#8220; header_3_line_height=&#8220;1.3em&#8220; background_layout=&#8220;dark&#8220; custom_margin=&#8220;||4px||false|false&#8220; header_3_font_size_tablet=&#8220;22px&#8220; header_3_font_size_phone=&#8220;20px&#8220; header_3_font_size_last_edited=&#8220;on|phone&#8220; locked=&#8220;off&#8220; global_colors_info=&#8220;{}&#8220;]<\/p>\n<h3>Vienna differently<\/h3>\n<p>Elisabeth Brandl und Wolfgang Steubl<\/p>\n<p>[\/et_pb_text][et_pb_button button_text=&#8220;Kontakt&#8220; _builder_version=&#8220;4.23.2&#8243; custom_button=&#8220;on&#8220; button_text_size=&#8220;12px&#8220; button_bg_color=&#8220;rgba(0,0,0,0)&#8220; button_border_width=&#8220;0px&#8220; button_border_radius=&#8220;0px&#8220; button_letter_spacing=&#8220;2.6px&#8220; button_font=&#8220;|700||on|||||&#8220; background_layout=&#8220;dark&#8220; custom_margin=&#8220;||||false|false&#8220; custom_padding=&#8220;|||0px|false|false&#8220; global_colors_info=&#8220;{}&#8220;][\/et_pb_button][\/et_pb_column][\/et_pb_row][\/et_pb_section][et_pb_section fb_built=&#8220;1&#8243; admin_label=&#8220;Gallery&#8220; _builder_version=&#8220;4.20.0&#8243; _module_preset=&#8220;default&#8220; collapsed=&#8220;on&#8220; global_colors_info=&#8220;{}&#8220;][et_pb_row column_structure=&#8220;1_3,1_3,1_3&#8243; use_custom_gutter=&#8220;on&#8220; custom_padding_last_edited=&#8220;on|tablet&#8220; module_class=&#8220;dh-valign-center-row&#8220; _builder_version=&#8220;4.25.1&#8243; _module_preset=&#8220;default&#8220; custom_padding_tablet=&#8220;||0px||false|false&#8220; custom_padding_phone=&#8220;||0px||false|false&#8220; global_colors_info=&#8220;{}&#8220;][et_pb_column type=&#8220;1_3&#8243; _builder_version=&#8220;4.20.0&#8243; _module_preset=&#8220;default&#8220; global_colors_info=&#8220;{}&#8220;][et_pb_text _builder_version=&#8220;4.25.1&#8243; _module_preset=&#8220;default&#8220; text_font=&#8220;Lato||||||||&#8220; text_font_size=&#8220;18px&#8220; text_line_height=&#8220;2em&#8220; header_font=&#8220;&#8211;et_global_heading_font||||||||&#8220; header_2_font=&#8220;&#8211;et_global_heading_font||||||||&#8220; header_3_font=&#8220;&#8211;et_global_heading_font||||||||&#8220; header_4_font=&#8220;&#8211;et_global_heading_font||||||||&#8220; position_origin_a=&#8220;center_center&#8220; width=&#8220;100%&#8220; animation_style=&#8220;fade&#8220; animation_delay=&#8220;250ms&#8220; global_colors_info=&#8220;{}&#8220;]<\/p>\n<h3>The Message<\/h3>\n<hr>\n<p>When a city gets arms and legs, its heartbeat and pulse can be clearly felt - then it triggers something completely different in people apart from their eyes and ears:  They begin to feel it.<\/p>\n<p>In all their grandeur, but also in their unconventional approach to everyday street life.<\/p>\n<p>Wien. Eine wilde Mischung, die t\u00e4glich neue Facetten bekommt. Und trotzdem bleibt etwas, das Best\u00e4ndigkeit hat und immer da ist. Das Wiener Lebensgef\u00fchl. \u00dcbertragbar nur in einer Sprache, die alle verstehen k\u00f6nnen: Der Herzsprache.[\/et_pb_text][et_pb_image src=&#8220;https:\/\/orchester.com\/wp-content\/uploads\/2024\/10\/BeatboxerDirigent.webp&#8220; _builder_version=&#8220;4.27.2&#8243; _module_preset=&#8220;default&#8220; title_text=&#8220;Beatboxer+Dirigent&#8220; box_shadow_style=&#8220;preset2&#8243; hover_enabled=&#8220;0&#8243; sticky_enabled=&#8220;0&#8243;][\/et_pb_image][\/et_pb_column][et_pb_column type=&#8220;1_3&#8243; _builder_version=&#8220;4.20.0&#8243; _module_preset=&#8220;default&#8220; global_colors_info=&#8220;{}&#8220;][et_pb_text _builder_version=&#8220;4.25.1&#8243; _module_preset=&#8220;default&#8220; text_font=&#8220;Lato||||||||&#8220; text_font_size=&#8220;18px&#8220; text_line_height=&#8220;2em&#8220; header_font=&#8220;&#8211;et_global_heading_font||||||||&#8220; header_2_font=&#8220;&#8211;et_global_heading_font||||||||&#8220; header_3_font=&#8220;&#8211;et_global_heading_font||||||||&#8220; header_4_font=&#8220;&#8211;et_global_heading_font||||||||&#8220; position_origin_a=&#8220;center_center&#8220; width=&#8220;100%&#8220; animation_style=&#8220;fade&#8220; animation_delay=&#8220;250ms&#8220; global_colors_info=&#8220;{}&#8220;]<\/p>\n<h3>The Concept<\/h3>\n<hr \/>\n<p class=\" translation-block\">The <strong>\"Heartbeat of Vienna\"<\/strong> is presented in the form of a continuous arrangement for string orchestra with several beatbox parts and alternating interludes of classical and modern ballet and an accompanying Vienna video.<\/p>\n<p>In a dynamic sequence, a colourful bridge is built over the contrasts between classical Vienna and a \"New Vienna\" in order to unite harmoniously as a whole in the finale.<\/p>\n<p>[\/et_pb_text][et_pb_image src=&#8220;https:\/\/orchester.com\/wp-content\/uploads\/2024\/10\/Heartbeat_alle-Akteure.webp&#8220; _builder_version=&#8220;4.27.2&#8243; _module_preset=&#8220;default&#8220; title_text=&#8220;Heartbeat_alle Akteure&#8220; box_shadow_style=&#8220;preset2&#8243; hover_enabled=&#8220;0&#8243; sticky_enabled=&#8220;0&#8243; locked=&#8220;off&#8220;][\/et_pb_image][et_pb_text _builder_version=&#8220;4.25.1&#8243; _module_preset=&#8220;default&#8220; text_font=&#8220;Lato||||||||&#8220; text_font_size=&#8220;18px&#8220; text_line_height=&#8220;2em&#8220; header_font=&#8220;&#8211;et_global_heading_font||||||||&#8220; header_2_font=&#8220;&#8211;et_global_heading_font||||||||&#8220; header_3_font=&#8220;&#8211;et_global_heading_font||||||||&#8220; header_4_font=&#8220;&#8211;et_global_heading_font||||||||&#8220; position_origin_a=&#8220;center_center&#8220; width=&#8220;100%&#8220; animation_style=&#8220;fade&#8220; animation_delay=&#8220;250ms&#8220; global_colors_info=&#8220;{}&#8220;]<\/p>\n<h3>The Staging<\/h3>\n<hr \/>\n<ul>\n<li>Wolfgang Steubl Orchestra (Vienna\/AUT)<\/li>\n<li>Beatboxer Ivory Parker (Graz\/AUT)<\/li>\n<li>Classical and contemporary ballet<\/li>\n<li>Recording: Vienna in moving pictures<\/li>\n<\/ul>\n<p>[\/et_pb_text][\/et_pb_column][et_pb_column type=&#8220;1_3&#8243; _builder_version=&#8220;4.20.0&#8243; _module_preset=&#8220;default&#8220; global_colors_info=&#8220;{}&#8220;][et_pb_text _builder_version=&#8220;4.25.1&#8243; _module_preset=&#8220;default&#8220; text_font=&#8220;Lato||||||||&#8220; text_font_size=&#8220;18px&#8220; text_line_height=&#8220;2em&#8220; header_font=&#8220;&#8211;et_global_heading_font||||||||&#8220; header_2_font=&#8220;&#8211;et_global_heading_font||||||||&#8220; header_3_font=&#8220;&#8211;et_global_heading_font||||||||&#8220; header_4_font=&#8220;&#8211;et_global_heading_font||||||||&#8220; position_origin_a=&#8220;center_center&#8220; width=&#8220;100%&#8220; animation_style=&#8220;fade&#8220; animation_delay=&#8220;250ms&#8220; global_colors_info=&#8220;{}&#8220;]<\/p>\n<h3>Duration<\/h3>\n<hr \/>\n<p>15 minutes<\/p>\n<p>[\/et_pb_text][et_pb_image src=&#8220;https:\/\/orchester.com\/wp-content\/uploads\/2024\/10\/Heartbeat-of-Vienna_Ivory-Parker.webp&#8220; _builder_version=&#8220;4.27.2&#8243; _module_preset=&#8220;default&#8220; title_text=&#8220;Heartbeat of Vienna_Ivory Parker&#8220; box_shadow_style=&#8220;preset2&#8243; hover_enabled=&#8220;0&#8243; sticky_enabled=&#8220;0&#8243; locked=&#8220;off&#8220;][\/et_pb_image][et_pb_text _builder_version=&#8220;4.25.1&#8243; _module_preset=&#8220;default&#8220; text_font=&#8220;Lato||||||||&#8220; text_font_size=&#8220;18px&#8220; text_line_height=&#8220;2em&#8220; header_font=&#8220;&#8211;et_global_heading_font||||||||&#8220; header_2_font=&#8220;&#8211;et_global_heading_font||||||||&#8220; header_3_font=&#8220;&#8211;et_global_heading_font||||||||&#8220; header_4_font=&#8220;&#8211;et_global_heading_font||||||||&#8220; position_origin_a=&#8220;center_center&#8220; width=&#8220;100%&#8220; animation_style=&#8220;fade&#8220; animation_delay=&#8220;250ms&#8220; global_colors_info=&#8220;{}&#8220;]<\/p>\n<h3>The Aim<\/h3>\n<hr \/>\n<p>Heartbeat of Vienna is the maximum enrichment and a valuable part of your event.<br \/>We speak to all your guests' senses.<br \/>Directly. In the language that everyone understands.<\/p>\n<p>We show Vienna with all its facets and colours. With everything it has and is. That's what we stand for! You too?<\/p>\n<p>[\/et_pb_text][et_pb_image src=&#8220;https:\/\/orchester.com\/wp-content\/uploads\/2024\/10\/mit-Ballett.webp&#8220; _builder_version=&#8220;4.27.2&#8243; _module_preset=&#8220;default&#8220; title_text=&#8220;mit Ballett&#8220; box_shadow_style=&#8220;preset2&#8243; hover_enabled=&#8220;0&#8243; sticky_enabled=&#8220;0&#8243; locked=&#8220;off&#8220;][\/et_pb_image][\/et_pb_column][\/et_pb_row][et_pb_row column_structure=&#8220;1_2,1_2&#8243; _builder_version=&#8220;4.25.1&#8243; _module_preset=&#8220;default&#8220; global_colors_info=&#8220;{}&#8220;][et_pb_column type=&#8220;1_2&#8243; _builder_version=&#8220;4.25.1&#8243; _module_preset=&#8220;default&#8220; global_colors_info=&#8220;{}&#8220;][et_pb_video src=&#8220;https:\/\/orchester.com\/wp-content\/uploads\/2024\/05\/Heartbeat-of-Vienna-Der-Herzschlag-von-Wien.mp4&#8243; image_src=&#8220;https:\/\/orchester.com\/wp-content\/uploads\/2024\/05\/Heartbeat-of-Vienna_a-300&#215;92.png&#8220; play_icon_color=&#8220;#D4AF37&#8243; font_icon=&#8220;&#xf144;||fa||900&#8243; _builder_version=&#8220;4.25.1&#8243; _module_preset=&#8220;default&#8220; box_shadow_style=&#8220;preset2&#8243; box_shadow_color=&#8220;rgba(0,0,0,0.55)&#8220; global_colors_info=&#8220;{}&#8220;][\/et_pb_video][et_pb_text _builder_version=&#8220;4.25.1&#8243; _module_preset=&#8220;default&#8220; global_colors_info=&#8220;{}&#8220;]<\/p>\n<p><strong>&#8222;Heartbeat&#8220; of Vienna&#8220; &#8211; der Herzschlag von Wien.<\/strong><br \/>For the sound recordings for this Vienna project in the Wiener Konzerthaus with the legendary orchestra conductor Wolfgang Steubl and the world-class beatboxer Ivory NeXor Parker experienced two exciting studio days.<br \/>Project in progress. Heart beats loud!<\/p>\n<p>Elisabeth Brandl <a href=\"https:\/\/www.facebook.com\/elisabeth.brandl\/videos\/349983513380631\">via facebook<\/a><\/p>\n<p>[\/et_pb_text][\/et_pb_column][et_pb_column type=&#8220;1_2&#8243; _builder_version=&#8220;4.25.1&#8243; _module_preset=&#8220;default&#8220; global_colors_info=&#8220;{}&#8220;][et_pb_video src=&#8220;https:\/\/www.youtube.com\/watch?v=coAXF_NNQic&#8220; _builder_version=&#8220;4.25.1&#8243; _module_preset=&#8220;default&#8220; box_shadow_style=&#8220;preset2&#8243; box_shadow_color=&#8220;rgba(0,0,0,0.55)&#8220; global_colors_info=&#8220;{}&#8220;][\/et_pb_video][et_pb_text _builder_version=&#8220;4.25.1&#8243; _module_preset=&#8220;default&#8220; global_colors_info=&#8220;{}&#8220;]<strong>Heartbeat of Vienna &#8211; Show-Act: Classic meets Beatbox &#8211; Trailer<\/strong><br \/>\nOfficial Trailer by https:\/\/sonuva-project.com\u200b<br \/>\nVideo Director: G\u00fcnther Dworak<\/p>\n<p>Light Concept, Editing &#038; Grading: G\u00fcnther Dworak<br \/>\nPhotography: Reinhard Fenzl, Robert Harson, Martin Ludl<\/p>\n<p>Courtesy of:<br \/>\nhttps:\/\/www.heartbeat-of-vienna.com\u200b [\/et_pb_text][\/et_pb_column][\/et_pb_row][\/et_pb_section]<\/p>","protected":false},"excerpt":{"rendered":"<p>Der Herzschlag von Wien Elisabeth Brandl und Wolfgang SteublDie Botschaft Wenn eine Stadt Arme und Beine bekommt, ihr Herzschlag und Puls deutlich f\u00fchlbar sind &#8211; dann erreicht sie au\u00dfer den Augen und Ohren etwas ganz Anderes bei den Menschen:\u00a0 Sie beginnen sie zu sp\u00fcren. In all ihrer Gro\u00dfartigkeit, aber auch in ihrem eigenwilligen Umgang mit [&hellip;]<\/p>","protected":false},"author":1,"featured_media":0,"parent":448,"menu_order":0,"comment_status":"closed","ping_status":"closed","template":"","meta":{"_et_pb_use_builder":"on","_et_pb_old_content":"","_et_gb_content_width":"","footnotes":""},"class_list":["post-495","page","type-page","status-publish","hentry"],"yoast_head":"<!-- This site is optimized with the Yoast SEO plugin v23.6 - https:\/\/yoast.com\/wordpress\/plugins\/seo\/ -->\n<title>Heartbeat of Vienna - Orchester Wolfgang Steubl<\/title>\n<meta name=\"robots\" content=\"index, follow, max-snippet:-1, max-image-preview:large, max-video-preview:-1\" \/>\n<link rel=\"canonical\" href=\"https:\/\/orchester.com\/en\/mehr\/heartbeat-of-vienna\/\" \/>\n<meta property=\"og:locale\" content=\"en_GB\" \/>\n<meta property=\"og:type\" content=\"article\" \/>\n<meta property=\"og:title\" content=\"Heartbeat of Vienna - Orchester Wolfgang Steubl\" \/>\n<meta property=\"og:description\" content=\"Der Herzschlag von Wien Elisabeth Brandl und Wolfgang SteublDie Botschaft Wenn eine Stadt Arme und Beine bekommt, ihr Herzschlag und Puls deutlich f\u00fchlbar sind - dann erreicht sie au\u00dfer den Augen und Ohren etwas ganz Anderes bei den Menschen:\u00a0 Sie beginnen sie zu sp\u00fcren. In all ihrer Gro\u00dfartigkeit, aber auch in ihrem eigenwilligen Umgang mit [&hellip;]\" \/>\n<meta property=\"og:url\" content=\"https:\/\/orchester.com\/en\/mehr\/heartbeat-of-vienna\/\" \/>\n<meta property=\"og:site_name\" content=\"Orchester Wolfgang Steubl\" \/>\n<meta property=\"article:modified_time\" content=\"2024-10-14T07:01:39+00:00\" \/>\n<meta name=\"twitter:card\" content=\"summary_large_image\" \/>\n<meta name=\"twitter:label1\" content=\"Estimated reading time\" \/>\n\t<meta name=\"twitter:data1\" content=\"2 minutes\" \/>\n<script type=\"application\/ld+json\" class=\"yoast-schema-graph\">{\"@context\":\"https:\/\/schema.org\",\"@graph\":[{\"@type\":\"WebPage\",\"@id\":\"https:\/\/orchester.com\/mehr\/heartbeat-of-vienna\/\",\"url\":\"https:\/\/orchester.com\/mehr\/heartbeat-of-vienna\/\",\"name\":\"Heartbeat of Vienna - Orchester Wolfgang Steubl\",\"isPartOf\":{\"@id\":\"https:\/\/orchester.com\/#website\"},\"datePublished\":\"2024-05-26T10:08:19+00:00\",\"dateModified\":\"2024-10-14T07:01:39+00:00\",\"breadcrumb\":{\"@id\":\"https:\/\/orchester.com\/mehr\/heartbeat-of-vienna\/#breadcrumb\"},\"inLanguage\":\"en-GB\",\"potentialAction\":[{\"@type\":\"ReadAction\",\"target\":[\"https:\/\/orchester.com\/mehr\/heartbeat-of-vienna\/\"]}]},{\"@type\":\"BreadcrumbList\",\"@id\":\"https:\/\/orchester.com\/mehr\/heartbeat-of-vienna\/#breadcrumb\",\"itemListElement\":[{\"@type\":\"ListItem\",\"position\":1,\"name\":\"Startseite\",\"item\":\"https:\/\/orchester.com\/\"},{\"@type\":\"ListItem\",\"position\":2,\"name\":\"Mehr\",\"item\":\"https:\/\/orchester.com\/mehr\/\"},{\"@type\":\"ListItem\",\"position\":3,\"name\":\"Heartbeat of Vienna\"}]},{\"@type\":\"WebSite\",\"@id\":\"https:\/\/orchester.com\/#website\",\"url\":\"https:\/\/orchester.com\/\",\"name\":\"Orchester Wolfgang Steubl\",\"description\":\"Die Klangk\u00f6rper mit Wiener Charme\",\"potentialAction\":[{\"@type\":\"SearchAction\",\"target\":{\"@type\":\"EntryPoint\",\"urlTemplate\":\"https:\/\/orchester.com\/?s={search_term_string}\"},\"query-input\":{\"@type\":\"PropertyValueSpecification\",\"valueRequired\":true,\"valueName\":\"search_term_string\"}}],\"inLanguage\":\"en-GB\"}]}<\/script>\n<!-- \/ Yoast SEO plugin. -->","yoast_head_json":{"title":"Heartbeat of Vienna - Orchester Wolfgang Steubl","robots":{"index":"index","follow":"follow","max-snippet":"max-snippet:-1","max-image-preview":"max-image-preview:large","max-video-preview":"max-video-preview:-1"},"canonical":"https:\/\/orchester.com\/en\/mehr\/heartbeat-of-vienna\/","og_locale":"en_GB","og_type":"article","og_title":"Heartbeat of Vienna - Orchester Wolfgang Steubl","og_description":"Der Herzschlag von Wien Elisabeth Brandl und Wolfgang SteublDie Botschaft Wenn eine Stadt Arme und Beine bekommt, ihr Herzschlag und Puls deutlich f\u00fchlbar sind - dann erreicht sie au\u00dfer den Augen und Ohren etwas ganz Anderes bei den Menschen:\u00a0 Sie beginnen sie zu sp\u00fcren. In all ihrer Gro\u00dfartigkeit, aber auch in ihrem eigenwilligen Umgang mit [&hellip;]","og_url":"https:\/\/orchester.com\/en\/mehr\/heartbeat-of-vienna\/","og_site_name":"Orchester Wolfgang Steubl","article_modified_time":"2024-10-14T07:01:39+00:00","twitter_card":"summary_large_image","twitter_misc":{"Estimated reading time":"2 minutes"},"schema":{"@context":"https:\/\/schema.org","@graph":[{"@type":"WebPage","@id":"https:\/\/orchester.com\/mehr\/heartbeat-of-vienna\/","url":"https:\/\/orchester.com\/mehr\/heartbeat-of-vienna\/","name":"Heartbeat of Vienna - Orchester Wolfgang Steubl","isPartOf":{"@id":"https:\/\/orchester.com\/#website"},"datePublished":"2024-05-26T10:08:19+00:00","dateModified":"2024-10-14T07:01:39+00:00","breadcrumb":{"@id":"https:\/\/orchester.com\/mehr\/heartbeat-of-vienna\/#breadcrumb"},"inLanguage":"en-GB","potentialAction":[{"@type":"ReadAction","target":["https:\/\/orchester.com\/mehr\/heartbeat-of-vienna\/"]}]},{"@type":"BreadcrumbList","@id":"https:\/\/orchester.com\/mehr\/heartbeat-of-vienna\/#breadcrumb","itemListElement":[{"@type":"ListItem","position":1,"name":"Startseite","item":"https:\/\/orchester.com\/"},{"@type":"ListItem","position":2,"name":"Mehr","item":"https:\/\/orchester.com\/mehr\/"},{"@type":"ListItem","position":3,"name":"Heartbeat of Vienna"}]},{"@type":"WebSite","@id":"https:\/\/orchester.com\/#website","url":"https:\/\/orchester.com\/","name":"Orchester Wolfgang Steubl","description":"Die Klangk\u00f6rper mit Wiener Charme","potentialAction":[{"@type":"SearchAction","target":{"@type":"EntryPoint","urlTemplate":"https:\/\/orchester.com\/?s={search_term_string}"},"query-input":{"@type":"PropertyValueSpecification","valueRequired":true,"valueName":"search_term_string"}}],"inLanguage":"en-GB"}]}},"_links":{"self":[{"href":"https:\/\/orchester.com\/en\/wp-json\/wp\/v2\/pages\/495","targetHints":{"allow":["GET"]}}],"collection":[{"href":"https:\/\/orchester.com\/en\/wp-json\/wp\/v2\/pages"}],"about":[{"href":"https:\/\/orchester.com\/en\/wp-json\/wp\/v2\/types\/page"}],"author":[{"embeddable":true,"href":"https:\/\/orchester.com\/en\/wp-json\/wp\/v2\/users\/1"}],"replies":[{"embeddable":true,"href":"https:\/\/orchester.com\/en\/wp-json\/wp\/v2\/comments?post=495"}],"version-history":[{"count":7,"href":"https:\/\/orchester.com\/en\/wp-json\/wp\/v2\/pages\/495\/revisions"}],"predecessor-version":[{"id":622,"href":"https:\/\/orchester.com\/en\/wp-json\/wp\/v2\/pages\/495\/revisions\/622"}],"up":[{"embeddable":true,"href":"https:\/\/orchester.com\/en\/wp-json\/wp\/v2\/pages\/448"}],"wp:attachment":[{"href":"https:\/\/orchester.com\/en\/wp-json\/wp\/v2\/media?parent=495"}],"curies":[{"name":"wp","href":"https:\/\/api.w.org\/{rel}","templated":true}]}}