{"id":518,"date":"2024-05-30T08:24:07","date_gmt":"2024-05-30T08:24:07","guid":{"rendered":"https:\/\/orchester.com\/?page_id=518"},"modified":"2024-10-14T06:57:54","modified_gmt":"2024-10-14T06:57:54","slug":"austrian-dixieland-orchestra","status":"publish","type":"page","link":"https:\/\/orchester.com\/en\/mehr\/austrian-dixieland-orchestra\/","title":{"rendered":"Austrian Dixieland Orchestra"},"content":{"rendered":"<p>[et_pb_section fb_built=&#8220;1&#8243; admin_label=&#8220;Header&#8220; _builder_version=&#8220;4.25.1&#8243; use_background_color_gradient=&#8220;on&#8220; background_color_gradient_stops=&#8220;rgba(31,31,38,0.88) 0%|rgba(31,31,38,0.24) 100%&#8220; background_color_gradient_overlays_image=&#8220;on&#8220; background_color_gradient_start=&#8220;rgba(31,31,38,0.88)&#8220; background_color_gradient_end=&#8220;rgba(31,31,38,0.24)&#8220; background_image=&#8220;https:\/\/orchester.com\/wp-content\/uploads\/2024\/05\/Dixieland.jpg&#8220; custom_margin=&#8220;-8vh||||false|false&#8220; custom_padding=&#8220;6vw||0px||false|false&#8220; locked=&#8220;off&#8220; collapsed=&#8220;off&#8220; global_colors_info=&#8220;{}&#8220;][et_pb_row custom_padding_last_edited=&#8220;on|desktop&#8220; _builder_version=&#8220;4.25.1&#8243; use_background_color_gradient=&#8220;on&#8220; background_color_gradient_stops=&#8220;rgba(67,78,92,0.32) 0%|rgba(31,31,38,0.71) 100%&#8220; background_color_gradient_overlays_image=&#8220;on&#8220; background_color_gradient_start=&#8220;rgba(67,78,92,0.32)&#8220; background_color_gradient_end=&#8220;rgba(31,31,38,0.71)&#8220; background_image=&#8220;https:\/\/orchester.com\/wp-content\/uploads\/2024\/05\/Dixieland.jpg&#8220; width=&#8220;90%&#8220; max_width=&#8220;none&#8220; module_alignment=&#8220;left&#8220; custom_margin=&#8220;||||false|false&#8220; custom_margin_tablet=&#8220;|auto||0px|false|false&#8220; custom_margin_last_edited=&#8220;off|desktop&#8220; custom_padding=&#8220;10vw|20px|18vw|20px|false|true&#8220; custom_padding_tablet=&#8220;16vw||16vw||true|false&#8220; custom_padding_phone=&#8220;||||false|false&#8220; border_color_all=&#8220;#1f1f26&#8243; border_width_right=&#8220;8vw&#8220; locked=&#8220;off&#8220; global_colors_info=&#8220;{}&#8220;][et_pb_column type=&#8220;4_4&#8243; _builder_version=&#8220;4.16&#8243; global_colors_info=&#8220;{}&#8220;][et_pb_text _builder_version=&#8220;4.25.1&#8243; _module_preset=&#8220;1337468f-a19f-41ee-a263-67623b52cb40&#8243; header_4_font=&#8220;Lato|600||on|||||&#8220; header_4_text_color=&#8220;#FFFFFF&#8220; width=&#8220;80%&#8220; module_alignment=&#8220;center&#8220; custom_margin=&#8220;-8vh||0px||false|false&#8220; animation_style=&#8220;slide&#8220; animation_direction=&#8220;left&#8220; animation_delay=&#8220;300ms&#8220; locked=&#8220;off&#8220; global_colors_info=&#8220;{}&#8220;]<\/p>\n<h4 style=\"text-align: left;\"><strong>Austrian<\/strong><\/h4>\n<p>[\/et_pb_text][et_pb_text _builder_version=&#8220;4.25.1&#8243; _module_preset=&#8220;f2c5c565-f408-4c36-99de-5b498e35daf4&#8243; header_font=&#8220;Playfair|||on|||||&#8220; header_text_color=&#8220;#FFFFFF&#8220; header_font_size=&#8220;60px&#8220; width=&#8220;80%&#8220; module_alignment=&#8220;center&#8220; animation_style=&#8220;fade&#8220; locked=&#8220;off&#8220; global_colors_info=&#8220;{}&#8220;]<\/p>\n<h1 style=\"text-align: left;\">Dixieland Orchestra<\/h1>\n<p>[\/et_pb_text][\/et_pb_column][\/et_pb_row][et_pb_row column_structure=&#8220;1_2,1_2&#8243; make_equal=&#8220;on&#8220; _builder_version=&#8220;4.25.1&#8243; positioning=&#8220;absolute&#8220; position_origin_a=&#8220;bottom_left&#8220; position_origin_a_tablet=&#8220;&#8220; position_origin_a_phone=&#8220;&#8220; position_origin_a_last_edited=&#8220;on|desktop&#8220; position_origin_f_tablet=&#8220;&#8220; position_origin_f_phone=&#8220;&#8220; position_origin_f_last_edited=&#8220;on|desktop&#8220; position_origin_r_tablet=&#8220;&#8220; position_origin_r_phone=&#8220;&#8220; position_origin_r_last_edited=&#8220;on|desktop&#8220; width=&#8220;90%&#8220; max_width=&#8220;none&#8220; custom_margin=&#8220;|auto||0px|false|false&#8220; custom_padding=&#8220;0px||0px|10vw|true|false&#8220; positioning_tablet=&#8220;none&#8220; positioning_phone=&#8220;&#8220; positioning_last_edited=&#8220;on|tablet&#8220; box_shadow_style=&#8220;preset4&#8243; box_shadow_horizontal=&#8220;30vw&#8220; box_shadow_vertical=&#8220;0px&#8220; box_shadow_color=&#8220;#ffffff&#8220; locked=&#8220;off&#8220; global_colors_info=&#8220;{}&#8220;][et_pb_column type=&#8220;1_2&#8243; _builder_version=&#8220;4.16&#8243; custom_padding=&#8220;||||false|false&#8220; global_colors_info=&#8220;{}&#8220;][\/et_pb_column][et_pb_column type=&#8220;1_2&#8243; _builder_version=&#8220;4.25.1&#8243; background_color=&#8220;rgba(212,175,55,0.6)&#8220; custom_padding=&#8220;60px|4%|60px|4%|true|true&#8220; animation_style=&#8220;slide&#8220; animation_direction=&#8220;right&#8220; animation_delay=&#8220;300ms&#8220; global_colors_info=&#8220;{}&#8220;][et_pb_text _builder_version=&#8220;4.25.1&#8243; text_font_size=&#8220;16px&#8220; header_3_font=&#8220;Playfair||||||||&#8220; header_3_font_size=&#8220;30px&#8220; header_3_line_height=&#8220;1.3em&#8220; background_layout=&#8220;dark&#8220; custom_margin=&#8220;||4px||false|false&#8220; header_3_font_size_tablet=&#8220;22px&#8220; header_3_font_size_phone=&#8220;20px&#8220; header_3_font_size_last_edited=&#8220;on|phone&#8220; locked=&#8220;off&#8220; global_colors_info=&#8220;{}&#8220;]<\/p>\n<h3>Traditional Dixielandjazz<\/h3>\n<p>als Konzertereignis mit Unterhaltungscharakter[\/et_pb_text][et_pb_button button_text=&#8220;Kontakt&#8220; _builder_version=&#8220;4.23.2&#8243; custom_button=&#8220;on&#8220; button_text_size=&#8220;12px&#8220; button_bg_color=&#8220;rgba(0,0,0,0)&#8220; button_border_width=&#8220;0px&#8220; button_border_radius=&#8220;0px&#8220; button_letter_spacing=&#8220;2.6px&#8220; button_font=&#8220;|700||on|||||&#8220; background_layout=&#8220;dark&#8220; custom_margin=&#8220;||||false|false&#8220; custom_padding=&#8220;|||0px|false|false&#8220; global_colors_info=&#8220;{}&#8220;][\/et_pb_button][\/et_pb_column][\/et_pb_row][\/et_pb_section][et_pb_section fb_built=&#8220;1&#8243; admin_label=&#8220;Gallery&#8220; _builder_version=&#8220;4.20.0&#8243; _module_preset=&#8220;default&#8220; collapsed=&#8220;on&#8220; global_colors_info=&#8220;{}&#8220;][et_pb_row use_custom_gutter=&#8220;on&#8220; custom_padding_last_edited=&#8220;on|tablet&#8220; module_class=&#8220;dh-valign-center-row&#8220; _builder_version=&#8220;4.25.1&#8243; _module_preset=&#8220;default&#8220; custom_padding_tablet=&#8220;||0px||false|false&#8220; custom_padding_phone=&#8220;||0px||false|false&#8220; global_colors_info=&#8220;{}&#8220;][et_pb_column type=&#8220;4_4&#8243; _builder_version=&#8220;4.20.0&#8243; _module_preset=&#8220;default&#8220; global_colors_info=&#8220;{}&#8220;][et_pb_text _builder_version=&#8220;4.25.1&#8243; _module_preset=&#8220;default&#8220; text_font=&#8220;Lato||||||||&#8220; text_font_size=&#8220;18px&#8220; text_line_height=&#8220;2em&#8220; header_font=&#8220;&#8211;et_global_heading_font||||||||&#8220; header_2_font=&#8220;&#8211;et_global_heading_font||||||||&#8220; header_3_font=&#8220;&#8211;et_global_heading_font||||||||&#8220; header_4_font=&#8220;&#8211;et_global_heading_font||||||||&#8220; position_origin_a=&#8220;center_center&#8220; width=&#8220;100%&#8220; animation_style=&#8220;fade&#8220; animation_delay=&#8220;250ms&#8220; global_colors_info=&#8220;{}&#8220;]<\/p>\n<p>Wolfgang Steubl unites top musicians from the Austrian music scene in his \u2018Austrian Dixieland Orchestra\u2019. All the musicians have a broad musical spectrum and play very different styles in a wide variety of bands. Their musical skills range from experimental music to string quartets. In the \u2018Austrian Dixieland Orchestra\u2019, the excellent soloists come together to form a lively, entertaining unit. Traditional Dixieland jazz as a concert event with entertainment character.<\/p>\n<p>4 \u2013 7 musicians<\/p>\n<p>[\/et_pb_text][\/et_pb_column][\/et_pb_row][et_pb_row _builder_version=&#8220;4.27.2&#8243; _module_preset=&#8220;default&#8220; column_structure=&#8220;1_5,1_5,1_5,1_5,1_5&#8243; custom_margin=&#8220;||||false|false&#8220; custom_padding=&#8220;10px|10px|10px|10px|true|true&#8220; background_color=&#8220;#f2f2f2&#8243; use_custom_gutter=&#8220;on&#8220; gutter_width=&#8220;2&#8243; make_equal=&#8220;on&#8220; hover_enabled=&#8220;0&#8243; sticky_enabled=&#8220;0&#8243;][et_pb_column _builder_version=&#8220;4.27.2&#8243; _module_preset=&#8220;default&#8220; type=&#8220;1_5&#8243;][et_pb_team_member name=&#8220;Walter Kortan&#8220; image_url=&#8220;https:\/\/orchester.com\/wp-content\/uploads\/2024\/10\/Austrian-Dixieland-Orchestra_Walter-Kortan.webp&#8220; position=&#8220;Trumpet, Vocals&#8220; _builder_version=&#8220;4.27.2&#8243; _module_preset=&#8220;default&#8220; title_text=&#8220;Austrian Dixieland Orchestra_Walter Kortan&#8220; hover_enabled=&#8220;0&#8243; sticky_enabled=&#8220;0&#8243; text_orientation=&#8220;center&#8220; box_shadow_style_image=&#8220;preset2&#8243;][\/et_pb_team_member][\/et_pb_column][et_pb_column _builder_version=&#8220;4.27.2&#8243; _module_preset=&#8220;default&#8220; type=&#8220;1_5&#8243;][et_pb_team_member name=&#8220;Martin Wichtl&#8220; image_url=&#8220;https:\/\/orchester.com\/wp-content\/uploads\/2024\/10\/Austrian-Dixieland-Orchestra_MArtin-Wichtl.webp&#8220; position=&#8220;Reeds, Vocals&#8220; _builder_version=&#8220;4.27.2&#8243; _module_preset=&#8220;default&#8220; title_text=&#8220;Austrian Dixieland Orchestra_MArtin Wichtl&#8220; hover_enabled=&#8220;0&#8243; sticky_enabled=&#8220;0&#8243; text_orientation=&#8220;center&#8220; box_shadow_style_image=&#8220;preset2&#8243; locked=&#8220;off&#8220;][\/et_pb_team_member][\/et_pb_column][et_pb_column _builder_version=&#8220;4.27.2&#8243; _module_preset=&#8220;default&#8220; type=&#8220;1_5&#8243;][et_pb_team_member name=&#8220;Gereon Walter&#8220; image_url=&#8220;https:\/\/orchester.com\/wp-content\/uploads\/2024\/10\/Austrian-Dixieland-Orchestra_Gereon-Walter.webp&#8220; position=&#8220;Banjo&#8220; _builder_version=&#8220;4.27.2&#8243; _module_preset=&#8220;default&#8220; title_text=&#8220;Austrian Dixieland Orchestra_Gereon Walter&#8220; hover_enabled=&#8220;0&#8243; sticky_enabled=&#8220;0&#8243; text_orientation=&#8220;center&#8220; box_shadow_style_image=&#8220;preset2&#8243; locked=&#8220;off&#8220;][\/et_pb_team_member][\/et_pb_column][et_pb_column _builder_version=&#8220;4.27.2&#8243; _module_preset=&#8220;default&#8220; type=&#8220;1_5&#8243;][et_pb_team_member name=&#8220;Wolfgang Steubl&#8220; image_url=&#8220;https:\/\/orchester.com\/wp-content\/uploads\/2024\/10\/Austrian-Dixieland-Orchestra_Wolfgang-Steubl.webp&#8220; position=&#8220;Sousaphone, Vocals&#8220; _builder_version=&#8220;4.27.2&#8243; _module_preset=&#8220;default&#8220; title_text=&#8220;Austrian Dixieland Orchestra_Wolfgang Steubl&#8220; hover_enabled=&#8220;0&#8243; sticky_enabled=&#8220;0&#8243; text_orientation=&#8220;center&#8220; box_shadow_style_image=&#8220;preset2&#8243; locked=&#8220;off&#8220;][\/et_pb_team_member][\/et_pb_column][et_pb_column _builder_version=&#8220;4.27.2&#8243; _module_preset=&#8220;default&#8220; type=&#8220;1_5&#8243;][et_pb_team_member name=&#8220;Rudi Staeger&#8220; image_url=&#8220;https:\/\/orchester.com\/wp-content\/uploads\/2024\/10\/Austrian-Dixieland-Orchestra_Rudi-Staeger.webp&#8220; position=&#8220;Drums&#8220; _builder_version=&#8220;4.27.2&#8243; _module_preset=&#8220;default&#8220; title_text=&#8220;Austrian Dixieland Orchestra_Rudi Staeger&#8220; hover_enabled=&#8220;0&#8243; sticky_enabled=&#8220;0&#8243; text_orientation=&#8220;center&#8220; box_shadow_style_image=&#8220;preset2&#8243; locked=&#8220;off&#8220;][\/et_pb_team_member][\/et_pb_column][\/et_pb_row][et_pb_row use_custom_gutter=&#8220;on&#8220; _builder_version=&#8220;4.25.1&#8243; _module_preset=&#8220;default&#8220; width=&#8220;30%&#8220; width_tablet=&#8220;80%&#8220; width_phone=&#8220;80%&#8220; width_last_edited=&#8220;on|phone&#8220; global_colors_info=&#8220;{}&#8220;][et_pb_column type=&#8220;4_4&#8243; _builder_version=&#8220;4.25.1&#8243; _module_preset=&#8220;default&#8220; global_colors_info=&#8220;{}&#8220;][et_pb_video src=&#8220;https:\/\/www.youtube.com\/watch?v=m5_50wpR-P0&#8243; play_icon_color=&#8220;#D4AF37&#8243; font_icon=&#8220;&#xf144;||fa||900&#8243; _builder_version=&#8220;4.25.1&#8243; _module_preset=&#8220;default&#8220; box_shadow_style=&#8220;preset2&#8243; box_shadow_color=&#8220;rgba(0,0,0,0.55)&#8220; global_colors_info=&#8220;{}&#8220;][\/et_pb_video][et_pb_text _builder_version=&#8220;4.25.1&#8243; _module_preset=&#8220;default&#8220; global_colors_info=&#8220;{}&#8220;]<\/p>\n<p><strong>Austrian Dixieland Orchestra &#8211; &#8222;All Of Me&#8220;<\/strong><br \/>Performance from 20.09.2010<br \/>KiZ - Culture in the cement works, Kirchdorf an der Krems, Dipl. Ing. Anton Secklehner<\/p>\n<ul>\n<li>Trumpet + Voc: Walter Kortan<\/li>\n<li>Saxes + Clar. + Voc: Martin Wichtl<\/li>\n<li>Banjo: Gereon Walter<\/li>\n<li>Sousaphone + Voc: Wolfgang Steubl<\/li>\n<li>Drums: Rudi Staeger, Drumsshow<\/li>\n<\/ul>\n<p>[\/et_pb_text][\/et_pb_column][\/et_pb_row][\/et_pb_section]<\/p>","protected":false},"excerpt":{"rendered":"<p>AustrianDixieland OrchestraTraditioneller Dixielandjazz als Konzertereignis mit UnterhaltungscharakterWolfgang Steubl vereint in seinem \u201eAustrian Dixieland Orchestra\u201c Spitzenmusiker der \u00f6sterreichischen Musikszene. Alle Musiker verf\u00fcgen \u00fcber ein breites musikalisches Spektrum und spielen in den verschiedensten Bands ganz unterschiedliche Stilrichtungen. Die Bandbreite des musikalischen K\u00f6nnens reicht von experimenteller Musik bis zum Streichquartett. Im \u201eAustrian Dixieland Orchestra\u201c finden sich die ausgezeichneten [&hellip;]<\/p>","protected":false},"author":1,"featured_media":0,"parent":448,"menu_order":0,"comment_status":"closed","ping_status":"closed","template":"","meta":{"_et_pb_use_builder":"on","_et_pb_old_content":"","_et_gb_content_width":"","footnotes":""},"class_list":["post-518","page","type-page","status-publish","hentry"],"yoast_head":"<!-- This site is optimized with the Yoast SEO plugin v23.6 - https:\/\/yoast.com\/wordpress\/plugins\/seo\/ -->\n<title>Austrian Dixieland Orchestra - Orchester Wolfgang Steubl<\/title>\n<meta name=\"robots\" content=\"index, follow, max-snippet:-1, max-image-preview:large, max-video-preview:-1\" \/>\n<link rel=\"canonical\" href=\"https:\/\/orchester.com\/en\/mehr\/austrian-dixieland-orchestra\/\" \/>\n<meta property=\"og:locale\" content=\"en_GB\" \/>\n<meta property=\"og:type\" content=\"article\" \/>\n<meta property=\"og:title\" content=\"Austrian Dixieland Orchestra - Orchester Wolfgang Steubl\" \/>\n<meta property=\"og:description\" content=\"AustrianDixieland OrchestraTraditioneller Dixielandjazz als Konzertereignis mit UnterhaltungscharakterWolfgang Steubl vereint in seinem \u201eAustrian Dixieland Orchestra\u201c Spitzenmusiker der \u00f6sterreichischen Musikszene. Alle Musiker verf\u00fcgen \u00fcber ein breites musikalisches Spektrum und spielen in den verschiedensten Bands ganz unterschiedliche Stilrichtungen. Die Bandbreite des musikalischen K\u00f6nnens reicht von experimenteller Musik bis zum Streichquartett. Im \u201eAustrian Dixieland Orchestra\u201c finden sich die ausgezeichneten [&hellip;]\" \/>\n<meta property=\"og:url\" content=\"https:\/\/orchester.com\/en\/mehr\/austrian-dixieland-orchestra\/\" \/>\n<meta property=\"og:site_name\" content=\"Orchester Wolfgang Steubl\" \/>\n<meta property=\"article:modified_time\" content=\"2024-10-14T06:57:54+00:00\" \/>\n<meta name=\"twitter:card\" content=\"summary_large_image\" \/>\n<meta name=\"twitter:label1\" content=\"Estimated reading time\" \/>\n\t<meta name=\"twitter:data1\" content=\"2 minutes\" \/>\n<script type=\"application\/ld+json\" class=\"yoast-schema-graph\">{\"@context\":\"https:\/\/schema.org\",\"@graph\":[{\"@type\":\"WebPage\",\"@id\":\"https:\/\/orchester.com\/mehr\/austrian-dixieland-orchestra\/\",\"url\":\"https:\/\/orchester.com\/mehr\/austrian-dixieland-orchestra\/\",\"name\":\"Austrian Dixieland Orchestra - Orchester Wolfgang Steubl\",\"isPartOf\":{\"@id\":\"https:\/\/orchester.com\/#website\"},\"datePublished\":\"2024-05-30T08:24:07+00:00\",\"dateModified\":\"2024-10-14T06:57:54+00:00\",\"breadcrumb\":{\"@id\":\"https:\/\/orchester.com\/mehr\/austrian-dixieland-orchestra\/#breadcrumb\"},\"inLanguage\":\"en-GB\",\"potentialAction\":[{\"@type\":\"ReadAction\",\"target\":[\"https:\/\/orchester.com\/mehr\/austrian-dixieland-orchestra\/\"]}]},{\"@type\":\"BreadcrumbList\",\"@id\":\"https:\/\/orchester.com\/mehr\/austrian-dixieland-orchestra\/#breadcrumb\",\"itemListElement\":[{\"@type\":\"ListItem\",\"position\":1,\"name\":\"Startseite\",\"item\":\"https:\/\/orchester.com\/\"},{\"@type\":\"ListItem\",\"position\":2,\"name\":\"Mehr\",\"item\":\"https:\/\/orchester.com\/mehr\/\"},{\"@type\":\"ListItem\",\"position\":3,\"name\":\"Austrian Dixieland Orchestra\"}]},{\"@type\":\"WebSite\",\"@id\":\"https:\/\/orchester.com\/#website\",\"url\":\"https:\/\/orchester.com\/\",\"name\":\"Orchester Wolfgang Steubl\",\"description\":\"Die Klangk\u00f6rper mit Wiener Charme\",\"potentialAction\":[{\"@type\":\"SearchAction\",\"target\":{\"@type\":\"EntryPoint\",\"urlTemplate\":\"https:\/\/orchester.com\/?s={search_term_string}\"},\"query-input\":{\"@type\":\"PropertyValueSpecification\",\"valueRequired\":true,\"valueName\":\"search_term_string\"}}],\"inLanguage\":\"en-GB\"}]}<\/script>\n<!-- \/ Yoast SEO plugin. -->","yoast_head_json":{"title":"Austrian Dixieland Orchestra - Orchester Wolfgang Steubl","robots":{"index":"index","follow":"follow","max-snippet":"max-snippet:-1","max-image-preview":"max-image-preview:large","max-video-preview":"max-video-preview:-1"},"canonical":"https:\/\/orchester.com\/en\/mehr\/austrian-dixieland-orchestra\/","og_locale":"en_GB","og_type":"article","og_title":"Austrian Dixieland Orchestra - Orchester Wolfgang Steubl","og_description":"AustrianDixieland OrchestraTraditioneller Dixielandjazz als Konzertereignis mit UnterhaltungscharakterWolfgang Steubl vereint in seinem \u201eAustrian Dixieland Orchestra\u201c Spitzenmusiker der \u00f6sterreichischen Musikszene. Alle Musiker verf\u00fcgen \u00fcber ein breites musikalisches Spektrum und spielen in den verschiedensten Bands ganz unterschiedliche Stilrichtungen. Die Bandbreite des musikalischen K\u00f6nnens reicht von experimenteller Musik bis zum Streichquartett. Im \u201eAustrian Dixieland Orchestra\u201c finden sich die ausgezeichneten [&hellip;]","og_url":"https:\/\/orchester.com\/en\/mehr\/austrian-dixieland-orchestra\/","og_site_name":"Orchester Wolfgang Steubl","article_modified_time":"2024-10-14T06:57:54+00:00","twitter_card":"summary_large_image","twitter_misc":{"Estimated reading time":"2 minutes"},"schema":{"@context":"https:\/\/schema.org","@graph":[{"@type":"WebPage","@id":"https:\/\/orchester.com\/mehr\/austrian-dixieland-orchestra\/","url":"https:\/\/orchester.com\/mehr\/austrian-dixieland-orchestra\/","name":"Austrian Dixieland Orchestra - Orchester Wolfgang Steubl","isPartOf":{"@id":"https:\/\/orchester.com\/#website"},"datePublished":"2024-05-30T08:24:07+00:00","dateModified":"2024-10-14T06:57:54+00:00","breadcrumb":{"@id":"https:\/\/orchester.com\/mehr\/austrian-dixieland-orchestra\/#breadcrumb"},"inLanguage":"en-GB","potentialAction":[{"@type":"ReadAction","target":["https:\/\/orchester.com\/mehr\/austrian-dixieland-orchestra\/"]}]},{"@type":"BreadcrumbList","@id":"https:\/\/orchester.com\/mehr\/austrian-dixieland-orchestra\/#breadcrumb","itemListElement":[{"@type":"ListItem","position":1,"name":"Startseite","item":"https:\/\/orchester.com\/"},{"@type":"ListItem","position":2,"name":"Mehr","item":"https:\/\/orchester.com\/mehr\/"},{"@type":"ListItem","position":3,"name":"Austrian Dixieland Orchestra"}]},{"@type":"WebSite","@id":"https:\/\/orchester.com\/#website","url":"https:\/\/orchester.com\/","name":"Orchester Wolfgang Steubl","description":"Die Klangk\u00f6rper mit Wiener Charme","potentialAction":[{"@type":"SearchAction","target":{"@type":"EntryPoint","urlTemplate":"https:\/\/orchester.com\/?s={search_term_string}"},"query-input":{"@type":"PropertyValueSpecification","valueRequired":true,"valueName":"search_term_string"}}],"inLanguage":"en-GB"}]}},"_links":{"self":[{"href":"https:\/\/orchester.com\/en\/wp-json\/wp\/v2\/pages\/518","targetHints":{"allow":["GET"]}}],"collection":[{"href":"https:\/\/orchester.com\/en\/wp-json\/wp\/v2\/pages"}],"about":[{"href":"https:\/\/orchester.com\/en\/wp-json\/wp\/v2\/types\/page"}],"author":[{"embeddable":true,"href":"https:\/\/orchester.com\/en\/wp-json\/wp\/v2\/users\/1"}],"replies":[{"embeddable":true,"href":"https:\/\/orchester.com\/en\/wp-json\/wp\/v2\/comments?post=518"}],"version-history":[{"count":7,"href":"https:\/\/orchester.com\/en\/wp-json\/wp\/v2\/pages\/518\/revisions"}],"predecessor-version":[{"id":621,"href":"https:\/\/orchester.com\/en\/wp-json\/wp\/v2\/pages\/518\/revisions\/621"}],"up":[{"embeddable":true,"href":"https:\/\/orchester.com\/en\/wp-json\/wp\/v2\/pages\/448"}],"wp:attachment":[{"href":"https:\/\/orchester.com\/en\/wp-json\/wp\/v2\/media?parent=518"}],"curies":[{"name":"wp","href":"https:\/\/api.w.org\/{rel}","templated":true}]}}