{"id":546,"date":"2024-05-30T09:08:34","date_gmt":"2024-05-30T09:08:34","guid":{"rendered":"https:\/\/orchester.com\/?page_id=546"},"modified":"2024-05-30T09:51:45","modified_gmt":"2024-05-30T09:51:45","slug":"events","status":"publish","type":"page","link":"https:\/\/orchester.com\/en\/mehr\/events\/","title":{"rendered":"Events, festivals, celebrations, parties"},"content":{"rendered":"<p>[et_pb_section fb_built=&#8220;1&#8243; admin_label=&#8220;Header&#8220; _builder_version=&#8220;4.25.1&#8243; use_background_color_gradient=&#8220;on&#8220; background_color_gradient_stops=&#8220;rgba(31,31,38,0.88) 0%|rgba(31,31,38,0.24) 100%&#8220; background_color_gradient_overlays_image=&#8220;on&#8220; background_color_gradient_start=&#8220;rgba(31,31,38,0.88)&#8220; background_color_gradient_end=&#8220;rgba(31,31,38,0.24)&#8220; background_image=&#8220;https:\/\/orchester.com\/wp-content\/uploads\/2024\/05\/Events.jpg&#8220; custom_margin=&#8220;-8vh||||false|false&#8220; custom_padding=&#8220;6vw||0px||false|false&#8220; hover_enabled=&#8220;0&#8243; locked=&#8220;off&#8220; collapsed=&#8220;off&#8220; global_colors_info=&#8220;{}&#8220; title_text=&#8220;Events&#8220; sticky_enabled=&#8220;0&#8243;][et_pb_row custom_padding_last_edited=&#8220;on|desktop&#8220; _builder_version=&#8220;4.25.1&#8243; use_background_color_gradient=&#8220;on&#8220; background_color_gradient_stops=&#8220;rgba(67,78,92,0.32) 0%|rgba(31,31,38,0.71) 100%&#8220; background_color_gradient_overlays_image=&#8220;on&#8220; background_color_gradient_start=&#8220;rgba(67,78,92,0.32)&#8220; background_color_gradient_end=&#8220;rgba(31,31,38,0.71)&#8220; background_image=&#8220;https:\/\/orchester.com\/wp-content\/uploads\/2024\/05\/Events.jpg&#8220; width=&#8220;90%&#8220; max_width=&#8220;none&#8220; module_alignment=&#8220;left&#8220; custom_margin=&#8220;||||false|false&#8220; custom_margin_tablet=&#8220;|auto||0px|false|false&#8220; custom_margin_last_edited=&#8220;off|desktop&#8220; custom_padding=&#8220;10vw|20px|18vw|20px|false|true&#8220; custom_padding_tablet=&#8220;16vw||16vw||true|false&#8220; custom_padding_phone=&#8220;||||false|false&#8220; hover_enabled=&#8220;0&#8243; border_color_all=&#8220;#1f1f26&#8243; border_width_right=&#8220;8vw&#8220; locked=&#8220;off&#8220; global_colors_info=&#8220;{}&#8220; title_text=&#8220;Events&#8220; sticky_enabled=&#8220;0&#8243;][et_pb_column type=&#8220;4_4&#8243; _builder_version=&#8220;4.16&#8243; global_colors_info=&#8220;{}&#8220;][et_pb_text _builder_version=&#8220;4.25.1&#8243; _module_preset=&#8220;1337468f-a19f-41ee-a263-67623b52cb40&#8243; header_4_font=&#8220;Lato|600||on|||||&#8220; header_4_text_color=&#8220;#FFFFFF&#8220; width=&#8220;80%&#8220; module_alignment=&#8220;center&#8220; custom_margin=&#8220;-8vh||0px||false|false&#8220; animation_style=&#8220;slide&#8220; animation_direction=&#8220;left&#8220; animation_delay=&#8220;300ms&#8220; hover_enabled=&#8220;0&#8243; locked=&#8220;off&#8220; global_colors_info=&#8220;{}&#8220; sticky_enabled=&#8220;0&#8243;]<\/p>\n<h4 style=\"text-align: left;\"><strong>Wolfgang Steubl<\/strong><\/h4>\n<p>[\/et_pb_text][et_pb_text _builder_version=&#8220;4.25.1&#8243; _module_preset=&#8220;f2c5c565-f408-4c36-99de-5b498e35daf4&#8243; header_font=&#8220;Playfair|||on|||||&#8220; header_text_color=&#8220;#FFFFFF&#8220; header_font_size=&#8220;60px&#8220; width=&#8220;80%&#8220; module_alignment=&#8220;center&#8220; animation_style=&#8220;fade&#8220; hover_enabled=&#8220;0&#8243; locked=&#8220;off&#8220; global_colors_info=&#8220;{}&#8220; sticky_enabled=&#8220;0&#8243;]<\/p>\n<h1 style=\"text-align: left;\">Events<\/h1>\n<p>[\/et_pb_text][\/et_pb_column][\/et_pb_row][et_pb_row column_structure=&#8220;1_2,1_2&#8243; make_equal=&#8220;on&#8220; _builder_version=&#8220;4.25.1&#8243; positioning=&#8220;absolute&#8220; position_origin_a=&#8220;bottom_left&#8220; position_origin_a_tablet=&#8220;&#8220; position_origin_a_phone=&#8220;&#8220; position_origin_a_last_edited=&#8220;on|desktop&#8220; position_origin_f_tablet=&#8220;&#8220; position_origin_f_phone=&#8220;&#8220; position_origin_f_last_edited=&#8220;on|desktop&#8220; position_origin_r_tablet=&#8220;&#8220; position_origin_r_phone=&#8220;&#8220; position_origin_r_last_edited=&#8220;on|desktop&#8220; width=&#8220;90%&#8220; max_width=&#8220;none&#8220; custom_margin=&#8220;|auto||0px|false|false&#8220; custom_padding=&#8220;0px||0px|10vw|true|false&#8220; positioning_tablet=&#8220;none&#8220; positioning_phone=&#8220;&#8220; positioning_last_edited=&#8220;on|tablet&#8220; box_shadow_style=&#8220;preset4&#8243; box_shadow_horizontal=&#8220;30vw&#8220; box_shadow_vertical=&#8220;0px&#8220; box_shadow_color=&#8220;#ffffff&#8220; locked=&#8220;off&#8220; global_colors_info=&#8220;{}&#8220;][et_pb_column type=&#8220;1_2&#8243; _builder_version=&#8220;4.16&#8243; custom_padding=&#8220;||||false|false&#8220; global_colors_info=&#8220;{}&#8220;][\/et_pb_column][et_pb_column type=&#8220;1_2&#8243; _builder_version=&#8220;4.25.1&#8243; background_color=&#8220;rgba(212,175,55,0.6)&#8220; custom_padding=&#8220;60px|4%|60px|4%|true|true&#8220; animation_style=&#8220;slide&#8220; animation_direction=&#8220;right&#8220; animation_delay=&#8220;300ms&#8220; global_colors_info=&#8220;{}&#8220;][et_pb_text _builder_version=&#8220;4.25.1&#8243; text_font_size=&#8220;16px&#8220; header_3_font=&#8220;Playfair||||||||&#8220; header_3_font_size=&#8220;30px&#8220; header_3_line_height=&#8220;1.3em&#8220; background_layout=&#8220;dark&#8220; custom_margin=&#8220;||4px||false|false&#8220; hover_enabled=&#8220;0&#8243; header_3_font_size_tablet=&#8220;22px&#8220; header_3_font_size_phone=&#8220;20px&#8220; header_3_font_size_last_edited=&#8220;on|phone&#8220; locked=&#8220;off&#8220; global_colors_info=&#8220;{}&#8220; sticky_enabled=&#8220;0&#8243;]<\/p>\n<h3>Festivals, Celebrations, Parties<\/h3>\n<p>&#8230; und vieles mehr[\/et_pb_text][et_pb_button button_text=&#8220;Kontakt&#8220; _builder_version=&#8220;4.23.2&#8243; custom_button=&#8220;on&#8220; button_text_size=&#8220;12px&#8220; button_bg_color=&#8220;rgba(0,0,0,0)&#8220; button_border_width=&#8220;0px&#8220; button_border_radius=&#8220;0px&#8220; button_letter_spacing=&#8220;2.6px&#8220; button_font=&#8220;|700||on|||||&#8220; background_layout=&#8220;dark&#8220; custom_margin=&#8220;||||false|false&#8220; custom_padding=&#8220;|||0px|false|false&#8220; global_colors_info=&#8220;{}&#8220;][\/et_pb_button][\/et_pb_column][\/et_pb_row][\/et_pb_section][et_pb_section fb_built=&#8220;1&#8243; admin_label=&#8220;Gallery&#8220; _builder_version=&#8220;4.20.0&#8243; _module_preset=&#8220;default&#8220; collapsed=&#8220;on&#8220; global_colors_info=&#8220;{}&#8220;][et_pb_row use_custom_gutter=&#8220;on&#8220; make_equal=&#8220;on&#8220; custom_padding_last_edited=&#8220;on|tablet&#8220; module_class=&#8220;dh-valign-center-row&#8220; _builder_version=&#8220;4.23.1&#8243; _module_preset=&#8220;default&#8220; custom_padding_tablet=&#8220;||0px||false|false&#8220; custom_padding_phone=&#8220;||0px||false|false&#8220; locked=&#8220;off&#8220; global_colors_info=&#8220;{}&#8220;][et_pb_column type=&#8220;4_4&#8243; _builder_version=&#8220;4.20.0&#8243; _module_preset=&#8220;default&#8220; global_colors_info=&#8220;{}&#8220;][et_pb_text _builder_version=&#8220;4.25.1&#8243; _module_preset=&#8220;default&#8220; text_font=&#8220;Lato||||||||&#8220; text_font_size=&#8220;18px&#8220; text_line_height=&#8220;2em&#8220; header_2_font=&#8220;&#8211;et_global_heading_font||||||||&#8220; header_2_font_size=&#8220;2em&#8220; header_2_line_height=&#8220;1.4em&#8220; position_origin_a=&#8220;center_center&#8220; width=&#8220;100%&#8220; animation_style=&#8220;fade&#8220; animation_delay=&#8220;250ms&#8220; hover_enabled=&#8220;0&#8243; global_colors_info=&#8220;{}&#8220; sticky_enabled=&#8220;0&#8243;]<\/p>\n<h2 style=\"text-align: center;\">Do you also appreciate the difference between a tinned goulash and a freshly baked, golden-brown Wienerschnitzel?<\/h2>\n<p>[\/et_pb_text][\/et_pb_column][\/et_pb_row][et_pb_row use_custom_gutter=&#8220;on&#8220; custom_padding_last_edited=&#8220;on|tablet&#8220; module_class=&#8220;dh-valign-center-row&#8220; _builder_version=&#8220;4.25.1&#8243; _module_preset=&#8220;default&#8220; custom_padding_tablet=&#8220;||0px||false|false&#8220; custom_padding_phone=&#8220;||0px||false|false&#8220; global_colors_info=&#8220;{}&#8220;][et_pb_column type=&#8220;4_4&#8243; _builder_version=&#8220;4.20.0&#8243; _module_preset=&#8220;default&#8220; global_colors_info=&#8220;{}&#8220;][et_pb_text _builder_version=&#8220;4.25.1&#8243; _module_preset=&#8220;default&#8220; text_font=&#8220;Lato||||||||&#8220; text_font_size=&#8220;18px&#8220; text_line_height=&#8220;2em&#8220; header_font=&#8220;&#8211;et_global_heading_font||||||||&#8220; header_2_font=&#8220;&#8211;et_global_heading_font||||||||&#8220; header_3_font=&#8220;&#8211;et_global_heading_font||||||||&#8220; header_4_font=&#8220;&#8211;et_global_heading_font||||||||&#8220; position_origin_a=&#8220;center_center&#8220; width=&#8220;100%&#8220; animation_style=&#8220;fade&#8220; animation_delay=&#8220;250ms&#8220; hover_enabled=&#8220;0&#8243; global_colors_info=&#8220;{}&#8220; sticky_enabled=&#8220;0&#8243;]Beides hat seine Berechtigung. Es kommt darauf an was man damit erreichen m\u00f6chte.\u00a0\u00c4hnlich verh\u00e4lt es sich mit der Musik aus der \u201eKonserve\u201c und der Live Interpretation.\u00a0\u201eLebende\u201c Musik, die sich nach der Stimmung der G\u00e4ste richtet, ist nicht zu \u00fcberbieten. Kl\u00e4nge, T\u00f6ne, Stimmungen und Schwingungen \u00fcbertragen sich nur so intensiv, wenn Menschen sie direkt an Menschen weitergeben.<\/p>\n<p>This is also the challenge that Wolfgang Steubl faces as a sensitive musician and singer as well as a responsible organiser of the musical part of every party. Other musical highlights are as important at weddings as they are at an exuberant pool party. And saying goodbye to a loved one is also experienced differently and more valuable with the music of sensitive performers.<\/p>\n<p>A great deal of sensitivity is also required for the musical accompaniment. Wolfgang Steubl also has the musicians needed for this.<\/p>\n<p>And if you really want to draw attention to yourself - be it at a company opening, an award ceremony or a midnight performance or, or.... then the live music \u2018by Wolfgang Steubl\u2019 is a guarantee that you and your task will be the centre of attention.<\/p>\n<p>His great passion for Dixieland jazz gives every event the necessary pep and in no time the audience finds itself in the streets of New Orleans, where the musicians get off the stage to jazz in the middle of the audience. That's live!<\/p>\n<p>The best thing about it: technology, set-up and dismantling, creating the ideal conditions. Wolfgang Steubl provides all of this as part of the package.<br \/>\n&nbsp;<\/p>\n<h2>Perhaps you fancy a crispy Wienerschnitzel today?<\/h2>\n<p>[\/et_pb_text][\/et_pb_column][\/et_pb_row][\/et_pb_section]<\/p>","protected":false},"excerpt":{"rendered":"<p>Wolfgang SteublEventsFeste, Feiern, Party &#8230; und vieles mehrSch\u00e4tzen Sie auch den Unterschied zwischen einem Gulasch aus der Dose und einem frisch herausgebackenen, goldgelben Wienerschnitzel?Beides hat seine Berechtigung. Es kommt darauf an was man damit erreichen m\u00f6chte.\u00a0\u00c4hnlich verh\u00e4lt es sich mit der Musik aus der \u201eKonserve\u201c und der Live Interpretation.\u00a0\u201eLebende\u201c Musik, die sich nach der Stimmung [&hellip;]<\/p>","protected":false},"author":1,"featured_media":0,"parent":448,"menu_order":0,"comment_status":"closed","ping_status":"closed","template":"","meta":{"_et_pb_use_builder":"on","_et_pb_old_content":"","_et_gb_content_width":"","footnotes":""},"class_list":["post-546","page","type-page","status-publish","hentry"],"yoast_head":"<!-- This site is optimized with the Yoast SEO plugin v23.6 - https:\/\/yoast.com\/wordpress\/plugins\/seo\/ -->\n<title>Events, Feste, Feiern, Party - Orchester Wolfgang Steubl<\/title>\n<meta name=\"robots\" content=\"index, follow, max-snippet:-1, max-image-preview:large, max-video-preview:-1\" \/>\n<link rel=\"canonical\" href=\"https:\/\/orchester.com\/en\/mehr\/events\/\" \/>\n<meta property=\"og:locale\" content=\"en_GB\" \/>\n<meta property=\"og:type\" content=\"article\" \/>\n<meta property=\"og:title\" content=\"Events, Feste, Feiern, Party - Orchester Wolfgang Steubl\" \/>\n<meta property=\"og:description\" content=\"Wolfgang SteublEventsFeste, Feiern, Party ... und vieles mehrSch\u00e4tzen Sie auch den Unterschied zwischen einem Gulasch aus der Dose und einem frisch herausgebackenen, goldgelben Wienerschnitzel?Beides hat seine Berechtigung. Es kommt darauf an was man damit erreichen m\u00f6chte.\u00a0\u00c4hnlich verh\u00e4lt es sich mit der Musik aus der \u201eKonserve\u201c und der Live Interpretation.\u00a0\u201eLebende\u201c Musik, die sich nach der Stimmung [&hellip;]\" \/>\n<meta property=\"og:url\" content=\"https:\/\/orchester.com\/en\/mehr\/events\/\" \/>\n<meta property=\"og:site_name\" content=\"Orchester Wolfgang Steubl\" \/>\n<meta property=\"article:modified_time\" content=\"2024-05-30T09:51:45+00:00\" \/>\n<meta name=\"twitter:card\" content=\"summary_large_image\" \/>\n<meta name=\"twitter:label1\" content=\"Estimated reading time\" \/>\n\t<meta name=\"twitter:data1\" content=\"1 minute\" \/>\n<script type=\"application\/ld+json\" class=\"yoast-schema-graph\">{\"@context\":\"https:\/\/schema.org\",\"@graph\":[{\"@type\":\"WebPage\",\"@id\":\"https:\/\/orchester.com\/mehr\/events\/\",\"url\":\"https:\/\/orchester.com\/mehr\/events\/\",\"name\":\"Events, Feste, Feiern, Party - Orchester Wolfgang Steubl\",\"isPartOf\":{\"@id\":\"https:\/\/orchester.com\/#website\"},\"datePublished\":\"2024-05-30T09:08:34+00:00\",\"dateModified\":\"2024-05-30T09:51:45+00:00\",\"breadcrumb\":{\"@id\":\"https:\/\/orchester.com\/mehr\/events\/#breadcrumb\"},\"inLanguage\":\"en-GB\",\"potentialAction\":[{\"@type\":\"ReadAction\",\"target\":[\"https:\/\/orchester.com\/mehr\/events\/\"]}]},{\"@type\":\"BreadcrumbList\",\"@id\":\"https:\/\/orchester.com\/mehr\/events\/#breadcrumb\",\"itemListElement\":[{\"@type\":\"ListItem\",\"position\":1,\"name\":\"Startseite\",\"item\":\"https:\/\/orchester.com\/\"},{\"@type\":\"ListItem\",\"position\":2,\"name\":\"Mehr\",\"item\":\"https:\/\/orchester.com\/mehr\/\"},{\"@type\":\"ListItem\",\"position\":3,\"name\":\"Events, Feste, Feiern, Party\"}]},{\"@type\":\"WebSite\",\"@id\":\"https:\/\/orchester.com\/#website\",\"url\":\"https:\/\/orchester.com\/\",\"name\":\"Orchester Wolfgang Steubl\",\"description\":\"Die Klangk\u00f6rper mit Wiener Charme\",\"potentialAction\":[{\"@type\":\"SearchAction\",\"target\":{\"@type\":\"EntryPoint\",\"urlTemplate\":\"https:\/\/orchester.com\/?s={search_term_string}\"},\"query-input\":{\"@type\":\"PropertyValueSpecification\",\"valueRequired\":true,\"valueName\":\"search_term_string\"}}],\"inLanguage\":\"en-GB\"}]}<\/script>\n<!-- \/ Yoast SEO plugin. -->","yoast_head_json":{"title":"Events, Feste, Feiern, Party - Orchester Wolfgang Steubl","robots":{"index":"index","follow":"follow","max-snippet":"max-snippet:-1","max-image-preview":"max-image-preview:large","max-video-preview":"max-video-preview:-1"},"canonical":"https:\/\/orchester.com\/en\/mehr\/events\/","og_locale":"en_GB","og_type":"article","og_title":"Events, Feste, Feiern, Party - Orchester Wolfgang Steubl","og_description":"Wolfgang SteublEventsFeste, Feiern, Party ... und vieles mehrSch\u00e4tzen Sie auch den Unterschied zwischen einem Gulasch aus der Dose und einem frisch herausgebackenen, goldgelben Wienerschnitzel?Beides hat seine Berechtigung. Es kommt darauf an was man damit erreichen m\u00f6chte.\u00a0\u00c4hnlich verh\u00e4lt es sich mit der Musik aus der \u201eKonserve\u201c und der Live Interpretation.\u00a0\u201eLebende\u201c Musik, die sich nach der Stimmung [&hellip;]","og_url":"https:\/\/orchester.com\/en\/mehr\/events\/","og_site_name":"Orchester Wolfgang Steubl","article_modified_time":"2024-05-30T09:51:45+00:00","twitter_card":"summary_large_image","twitter_misc":{"Estimated reading time":"1 minute"},"schema":{"@context":"https:\/\/schema.org","@graph":[{"@type":"WebPage","@id":"https:\/\/orchester.com\/mehr\/events\/","url":"https:\/\/orchester.com\/mehr\/events\/","name":"Events, Feste, Feiern, Party - Orchester Wolfgang Steubl","isPartOf":{"@id":"https:\/\/orchester.com\/#website"},"datePublished":"2024-05-30T09:08:34+00:00","dateModified":"2024-05-30T09:51:45+00:00","breadcrumb":{"@id":"https:\/\/orchester.com\/mehr\/events\/#breadcrumb"},"inLanguage":"en-GB","potentialAction":[{"@type":"ReadAction","target":["https:\/\/orchester.com\/mehr\/events\/"]}]},{"@type":"BreadcrumbList","@id":"https:\/\/orchester.com\/mehr\/events\/#breadcrumb","itemListElement":[{"@type":"ListItem","position":1,"name":"Startseite","item":"https:\/\/orchester.com\/"},{"@type":"ListItem","position":2,"name":"Mehr","item":"https:\/\/orchester.com\/mehr\/"},{"@type":"ListItem","position":3,"name":"Events, Feste, Feiern, Party"}]},{"@type":"WebSite","@id":"https:\/\/orchester.com\/#website","url":"https:\/\/orchester.com\/","name":"Orchester Wolfgang Steubl","description":"Die Klangk\u00f6rper mit Wiener Charme","potentialAction":[{"@type":"SearchAction","target":{"@type":"EntryPoint","urlTemplate":"https:\/\/orchester.com\/?s={search_term_string}"},"query-input":{"@type":"PropertyValueSpecification","valueRequired":true,"valueName":"search_term_string"}}],"inLanguage":"en-GB"}]}},"_links":{"self":[{"href":"https:\/\/orchester.com\/en\/wp-json\/wp\/v2\/pages\/546","targetHints":{"allow":["GET"]}}],"collection":[{"href":"https:\/\/orchester.com\/en\/wp-json\/wp\/v2\/pages"}],"about":[{"href":"https:\/\/orchester.com\/en\/wp-json\/wp\/v2\/types\/page"}],"author":[{"embeddable":true,"href":"https:\/\/orchester.com\/en\/wp-json\/wp\/v2\/users\/1"}],"replies":[{"embeddable":true,"href":"https:\/\/orchester.com\/en\/wp-json\/wp\/v2\/comments?post=546"}],"version-history":[{"count":4,"href":"https:\/\/orchester.com\/en\/wp-json\/wp\/v2\/pages\/546\/revisions"}],"predecessor-version":[{"id":554,"href":"https:\/\/orchester.com\/en\/wp-json\/wp\/v2\/pages\/546\/revisions\/554"}],"up":[{"embeddable":true,"href":"https:\/\/orchester.com\/en\/wp-json\/wp\/v2\/pages\/448"}],"wp:attachment":[{"href":"https:\/\/orchester.com\/en\/wp-json\/wp\/v2\/media?parent=546"}],"curies":[{"name":"wp","href":"https:\/\/api.w.org\/{rel}","templated":true}]}}