{"id":84,"date":"2023-11-14T13:31:01","date_gmt":"2023-11-14T13:31:01","guid":{"rendered":"https:\/\/orchester.com\/?page_id=84"},"modified":"2024-05-30T08:38:17","modified_gmt":"2024-05-30T08:38:17","slug":"ballorchester","status":"publish","type":"page","link":"https:\/\/orchester.com\/en\/ballorchester\/","title":{"rendered":"Das gro\u00dfe Ballorchester"},"content":{"rendered":"<p>[et_pb_section fb_built=&#8220;1&#8243; admin_label=&#8220;Header&#8220; _builder_version=&#8220;4.24.1&#8243; use_background_color_gradient=&#8220;on&#8220; background_color_gradient_stops=&#8220;rgba(31,31,38,0.88) 0%|rgba(31,31,38,0.24) 100%&#8220; background_color_gradient_overlays_image=&#8220;on&#8220; background_color_gradient_start=&#8220;rgba(31,31,38,0.88)&#8220; background_color_gradient_end=&#8220;rgba(31,31,38,0.24)&#8220; background_image=&#8220;https:\/\/orchester.com\/wp-content\/uploads\/2023\/11\/violins-1838390_1920.jpg&#8220; custom_margin=&#8220;-8vh||||false|false&#8220; custom_padding=&#8220;6vw||0px||false|false&#8220; locked=&#8220;off&#8220; collapsed=&#8220;on&#8220; global_colors_info=&#8220;{}&#8220;][et_pb_row custom_padding_last_edited=&#8220;on|desktop&#8220; _builder_version=&#8220;4.24.1&#8243; use_background_color_gradient=&#8220;on&#8220; background_color_gradient_stops=&#8220;rgba(67,78,92,0.32) 0%|rgba(31,31,38,0.71) 100%&#8220; background_color_gradient_overlays_image=&#8220;on&#8220; background_color_gradient_start=&#8220;rgba(67,78,92,0.32)&#8220; background_color_gradient_end=&#8220;rgba(31,31,38,0.71)&#8220; background_image=&#8220;https:\/\/orchester.com\/wp-content\/uploads\/2023\/11\/violins-1838390_1920.jpg&#8220; width=&#8220;90%&#8220; max_width=&#8220;none&#8220; module_alignment=&#8220;left&#8220; custom_margin=&#8220;||||false|false&#8220; custom_margin_tablet=&#8220;|auto||0px|false|false&#8220; custom_margin_last_edited=&#8220;off|desktop&#8220; custom_padding=&#8220;10vw|20px|18vw|20px|false|true&#8220; custom_padding_tablet=&#8220;16vw||16vw||true|false&#8220; custom_padding_phone=&#8220;||||false|false&#8220; border_color_all=&#8220;#1f1f26&#8243; border_width_right=&#8220;8vw&#8220; locked=&#8220;off&#8220; global_colors_info=&#8220;{}&#8220;][et_pb_column type=&#8220;4_4&#8243; _builder_version=&#8220;4.16&#8243; global_colors_info=&#8220;{}&#8220;][et_pb_text _builder_version=&#8220;4.24.2&#8243; _module_preset=&#8220;1337468f-a19f-41ee-a263-67623b52cb40&#8243; header_4_font=&#8220;Lato|600||on|||||&#8220; header_4_text_color=&#8220;#FFFFFF&#8220; width=&#8220;80%&#8220; module_alignment=&#8220;center&#8220; custom_margin=&#8220;-8vh||0px||false|false&#8220; animation_style=&#8220;slide&#8220; animation_direction=&#8220;left&#8220; animation_delay=&#8220;300ms&#8220; locked=&#8220;off&#8220; global_colors_info=&#8220;{}&#8220;]<\/p>\n<h4 style=\"text-align: left;\">The Grand<\/h4>\n<p>[\/et_pb_text][et_pb_text _builder_version=&#8220;4.24.2&#8243; _module_preset=&#8220;f2c5c565-f408-4c36-99de-5b498e35daf4&#8243; header_font=&#8220;Playfair|||on|||||&#8220; header_text_color=&#8220;#FFFFFF&#8220; header_font_size=&#8220;60px&#8220; width=&#8220;80%&#8220; module_alignment=&#8220;center&#8220; animation_style=&#8220;fade&#8220; locked=&#8220;off&#8220; global_colors_info=&#8220;{}&#8220;]<\/p>\n<h1 style=\"text-align: left;\">Ball<\/h1>\n<h1 style=\"text-align: left;\">Orchestra<\/h1>\n<p>[\/et_pb_text][\/et_pb_column][\/et_pb_row][et_pb_row column_structure=&#8220;1_2,1_2&#8243; make_equal=&#8220;on&#8220; _builder_version=&#8220;4.24.2&#8243; positioning=&#8220;absolute&#8220; position_origin_a=&#8220;bottom_left&#8220; position_origin_a_tablet=&#8220;&#8220; position_origin_a_phone=&#8220;&#8220; position_origin_a_last_edited=&#8220;on|desktop&#8220; position_origin_f_tablet=&#8220;&#8220; position_origin_f_phone=&#8220;&#8220; position_origin_f_last_edited=&#8220;on|desktop&#8220; position_origin_r_tablet=&#8220;&#8220; position_origin_r_phone=&#8220;&#8220; position_origin_r_last_edited=&#8220;on|desktop&#8220; width=&#8220;90%&#8220; max_width=&#8220;none&#8220; custom_margin=&#8220;|auto||0px|false|false&#8220; custom_padding=&#8220;0px||0px|10vw|true|false&#8220; animation_direction=&#8220;bottom&#8220; positioning_tablet=&#8220;none&#8220; positioning_phone=&#8220;&#8220; positioning_last_edited=&#8220;on|tablet&#8220; box_shadow_style=&#8220;preset4&#8243; box_shadow_horizontal=&#8220;30vw&#8220; box_shadow_vertical=&#8220;0px&#8220; box_shadow_color=&#8220;#ffffff&#8220; locked=&#8220;off&#8220; global_colors_info=&#8220;{}&#8220;][et_pb_column type=&#8220;1_2&#8243; _builder_version=&#8220;4.16&#8243; custom_padding=&#8220;||||false|false&#8220; global_colors_info=&#8220;{}&#8220;][\/et_pb_column][et_pb_column type=&#8220;1_2&#8243; _builder_version=&#8220;4.24.2&#8243; background_color=&#8220;rgba(212,175,55,0.6)&#8220; custom_padding=&#8220;60px|4%|60px|4%|true|true&#8220; animation_style=&#8220;slide&#8220; animation_direction=&#8220;right&#8220; animation_delay=&#8220;300ms&#8220; global_colors_info=&#8220;{}&#8220;][et_pb_text _builder_version=&#8220;4.23.2&#8243; text_font_size=&#8220;16px&#8220; header_3_font=&#8220;Playfair||||||||&#8220; header_3_font_size=&#8220;30px&#8220; header_3_line_height=&#8220;1.3em&#8220; background_layout=&#8220;dark&#8220; custom_margin=&#8220;||4px||false|false&#8220; header_3_font_size_tablet=&#8220;22px&#8220; header_3_font_size_phone=&#8220;20px&#8220; header_3_font_size_last_edited=&#8220;on|phone&#8220; locked=&#8220;off&#8220; global_colors_info=&#8220;{}&#8220;]<\/p>\n<h3>A string orchestra<\/h3>\n<p>darf ein Streichorchester mit Walzermusik der Strau\u00df-Familie, Lanner, Leh\u00e1r, Ziehrer und K\u00e1lm\u00e1n nicht fehlen.[\/et_pb_text][et_pb_button button_text=&#8220;Kontakt&#8220; _builder_version=&#8220;4.23.2&#8243; custom_button=&#8220;on&#8220; button_text_size=&#8220;12px&#8220; button_bg_color=&#8220;rgba(0,0,0,0)&#8220; button_border_width=&#8220;0px&#8220; button_border_radius=&#8220;0px&#8220; button_letter_spacing=&#8220;2.6px&#8220; button_font=&#8220;|700||on|||||&#8220; background_layout=&#8220;dark&#8220; custom_margin=&#8220;||||false|false&#8220; custom_padding=&#8220;|||0px|false|false&#8220; global_colors_info=&#8220;{}&#8220;][\/et_pb_button][\/et_pb_column][\/et_pb_row][\/et_pb_section][et_pb_section fb_built=&#8220;1&#8243; admin_label=&#8220;Gallery&#8220; _builder_version=&#8220;4.20.0&#8243; _module_preset=&#8220;default&#8220; collapsed=&#8220;on&#8220; global_colors_info=&#8220;{}&#8220;][et_pb_row use_custom_gutter=&#8220;on&#8220; make_equal=&#8220;on&#8220; custom_padding_last_edited=&#8220;on|tablet&#8220; module_class=&#8220;dh-valign-center-row&#8220; _builder_version=&#8220;4.23.1&#8243; _module_preset=&#8220;default&#8220; custom_padding_tablet=&#8220;||0px||false|false&#8220; custom_padding_phone=&#8220;||0px||false|false&#8220; locked=&#8220;off&#8220; global_colors_info=&#8220;{}&#8220;][et_pb_column type=&#8220;4_4&#8243; _builder_version=&#8220;4.20.0&#8243; _module_preset=&#8220;default&#8220; global_colors_info=&#8220;{}&#8220;][et_pb_text _builder_version=&#8220;4.25.1&#8243; _module_preset=&#8220;default&#8220; text_font=&#8220;Lato||||||||&#8220; text_font_size=&#8220;18px&#8220; text_line_height=&#8220;2em&#8220; header_2_font=&#8220;&#8211;et_global_heading_font||||||||&#8220; header_2_font_size=&#8220;2em&#8220; header_2_line_height=&#8220;1.4em&#8220; position_origin_a=&#8220;center_center&#8220; width=&#8220;100%&#8220; animation_style=&#8220;fade&#8220; animation_delay=&#8220;250ms&#8220; global_colors_info=&#8220;{}&#8220;]<\/p>\n<h2 style=\"text-align: center;\">There is no other city in the world that stages ball events like Vienna.<br \/>\nThere is no better way to express these great feelings than through music.<br \/>\n<\/h2>\n<p>[\/et_pb_text][\/et_pb_column][\/et_pb_row][et_pb_row column_structure=&#8220;2_5,3_5&#8243; use_custom_gutter=&#8220;on&#8220; make_equal=&#8220;on&#8220; custom_padding_last_edited=&#8220;on|tablet&#8220; module_class=&#8220;dh-valign-center-row&#8220; _builder_version=&#8220;4.23.1&#8243; _module_preset=&#8220;default&#8220; custom_padding_tablet=&#8220;||0px||false|false&#8220; custom_padding_phone=&#8220;||0px||false|false&#8220; global_colors_info=&#8220;{}&#8220;][et_pb_column type=&#8220;2_5&#8243; _builder_version=&#8220;4.20.0&#8243; _module_preset=&#8220;default&#8220; global_colors_info=&#8220;{}&#8220;][et_pb_image src=&#8220;https:\/\/orchester.com\/wp-content\/uploads\/2023\/11\/z__11_.JPG.jpg&#8220; title_text=&#8220;z__11_.JPG&#8220; align=&#8220;center&#8220; _builder_version=&#8220;4.24.2&#8243; _module_preset=&#8220;default&#8220; animation_style=&#8220;slide&#8220; animation_direction=&#8220;left&#8220; box_shadow_style=&#8220;preset2&#8243; global_colors_info=&#8220;{}&#8220;][\/et_pb_image][\/et_pb_column][et_pb_column type=&#8220;3_5&#8243; _builder_version=&#8220;4.20.0&#8243; _module_preset=&#8220;default&#8220; global_colors_info=&#8220;{}&#8220;][et_pb_text _builder_version=&#8220;4.25.1&#8243; _module_preset=&#8220;default&#8220; text_font=&#8220;Lato||||||||&#8220; text_font_size=&#8220;18px&#8220; text_line_height=&#8220;2em&#8220; position_origin_a=&#8220;center_center&#8220; width=&#8220;100%&#8220; animation_style=&#8220;fade&#8220; animation_delay=&#8220;300ms&#8220; global_colors_info=&#8220;{}&#8220;]<\/p>\n<p style=\"text-align: justify;\">Viennese ball music sounds light-footed when the \"Wiener Ballorchester Steubl\" honours the masters of Viennese music. Lehar, Stolz, Kalman, the Strauss family...<\/p>\n<p style=\"text-align: justify;\">The formation of winds and strings has been playing at the best and most beautiful balls since the early 1980s. It is an honour for the musicians that Prof. Helmut Steubl and his \"Vienna Ball Orchestra\" have been involved in the dance music of the \"Vienna Philharmonic Ball\" every year since 1989 and that his son Wolfgang continues to do so.  A pleasure for the guests.<\/p>\n<p style=\"text-align: justify;\">The ball orchestra is also popular outside Vienna. The \"hand-picked\" musicians are often and gladly engaged abroad.<\/p>\n<p style=\"text-align: justify;\">Individual programme items of the event - whether in Vienna or elsewhere - are effectively \"staged\".<\/p>\n<p>[\/et_pb_text][\/et_pb_column][\/et_pb_row][et_pb_row column_structure=&#8220;3_5,2_5&#8243; use_custom_gutter=&#8220;on&#8220; make_equal=&#8220;on&#8220; custom_padding_last_edited=&#8220;on|tablet&#8220; module_class=&#8220;dh-valign-center-row&#8220; _builder_version=&#8220;4.23.1&#8243; _module_preset=&#8220;default&#8220; custom_padding_tablet=&#8220;||0px||false|false&#8220; custom_padding_phone=&#8220;||0px||false|false&#8220; global_colors_info=&#8220;{}&#8220;][et_pb_column type=&#8220;3_5&#8243; _builder_version=&#8220;4.20.0&#8243; _module_preset=&#8220;default&#8220; global_colors_info=&#8220;{}&#8220;][et_pb_text _builder_version=&#8220;4.25.1&#8243; _module_preset=&#8220;default&#8220; text_font=&#8220;Lato||||||||&#8220; text_font_size=&#8220;18px&#8220; text_line_height=&#8220;2em&#8220; position_origin_a=&#8220;center_center&#8220; width=&#8220;100%&#8220; animation_style=&#8220;fade&#8220; animation_delay=&#8220;300ms&#8220; hover_enabled=&#8220;0&#8243; global_colors_info=&#8220;{}&#8220; sticky_enabled=&#8220;0&#8243;]<\/p>\n<p style=\"text-align: justify;\">The \"Quadrille\" is still a sweat-inducing challenge for everyone involved - dancers, orchestra leader and his musicians. Viennese culture at its finest.<\/p>\n<p style=\"text-align: justify;\">The final \"Br\u00fcderlein fein\" concludes the musical tour of a ball in a magical way.<\/p>\n<p style=\"font-weight: 400; text-align: justify;\">And for smaller ball events, a select formation of 6 or more professional musicians is available to make even small parties big: The \"Wiener Salonorchester Steubl\".<\/p>\n<p>\u2018Wiener Ballorchester Steubl\u2019: 17 - 36 musicians<br \/>\n\u2018Wiener Salonorchester Steubl\u2019: 6 - 12 musicians<\/p>\n<p>[\/et_pb_text][\/et_pb_column][et_pb_column type=&#8220;2_5&#8243; _builder_version=&#8220;4.20.0&#8243; _module_preset=&#8220;default&#8220; global_colors_info=&#8220;{}&#8220;][et_pb_image src=&#8220;https:\/\/orchester.com\/wp-content\/uploads\/2023\/11\/z__17_.JPG.jpg&#8220; title_text=&#8220;z__17_.JPG&#8220; align=&#8220;center&#8220; _builder_version=&#8220;4.24.2&#8243; _module_preset=&#8220;default&#8220; animation_style=&#8220;slide&#8220; animation_direction=&#8220;right&#8220; box_shadow_style=&#8220;preset2&#8243; global_colors_info=&#8220;{}&#8220;][\/et_pb_image][\/et_pb_column][\/et_pb_row][\/et_pb_section][et_pb_section fb_built=&#8220;1&#8243; disabled_on=&#8220;on|on|on&#8220; admin_label=&#8220;Gallery&#8220; _builder_version=&#8220;4.25.1&#8243; _module_preset=&#8220;default&#8220; disabled=&#8220;on&#8220; collapsed=&#8220;on&#8220; global_colors_info=&#8220;{}&#8220;][et_pb_row column_structure=&#8220;2_5,3_5&#8243; use_custom_gutter=&#8220;on&#8220; make_equal=&#8220;on&#8220; custom_padding_last_edited=&#8220;on|tablet&#8220; module_class=&#8220;dh-valign-center-row&#8220; _builder_version=&#8220;4.23.1&#8243; _module_preset=&#8220;default&#8220; custom_padding_tablet=&#8220;||0px||false|false&#8220; custom_padding_phone=&#8220;||0px||false|false&#8220; global_colors_info=&#8220;{}&#8220;][et_pb_column type=&#8220;2_5&#8243; _builder_version=&#8220;4.20.0&#8243; _module_preset=&#8220;default&#8220; global_colors_info=&#8220;{}&#8220;][et_pb_image src=&#8220;https:\/\/orchester.com\/wp-content\/uploads\/2023\/11\/z__11_.JPG.jpg&#8220; title_text=&#8220;z__11_.JPG&#8220; align=&#8220;center&#8220; _builder_version=&#8220;4.24.2&#8243; _module_preset=&#8220;default&#8220; animation_style=&#8220;slide&#8220; animation_direction=&#8220;left&#8220; box_shadow_style=&#8220;preset2&#8243; global_colors_info=&#8220;{}&#8220;][\/et_pb_image][\/et_pb_column][et_pb_column type=&#8220;3_5&#8243; _builder_version=&#8220;4.20.0&#8243; _module_preset=&#8220;default&#8220; global_colors_info=&#8220;{}&#8220;][et_pb_text _builder_version=&#8220;4.24.2&#8243; _module_preset=&#8220;default&#8220; text_font=&#8220;Lato||||||||&#8220; text_font_size=&#8220;18px&#8220; text_line_height=&#8220;2em&#8220; position_origin_a=&#8220;center_center&#8220; width=&#8220;100%&#8220; animation_style=&#8220;fade&#8220; animation_delay=&#8220;300ms&#8220; global_colors_info=&#8220;{}&#8220;]<\/p>\n<p><span>Nach mehreren Empfehlungen langj\u00e4hriger Veranstalter, gr\u00fcndete Helmut Steubl anfangs der 1980er-Jahre das \u201eGro\u00dfe Wiener Ball-Streichorchester\u201c.<\/span><\/p>\n<p><span>Mit den besten Musikern und Musikerinnen dieses Genres und einem ausgew\u00e4hltem Repertoire war das Orchester bald auf den sch\u00f6nsten und repr\u00e4sentativsten B\u00e4llen t\u00e4tig. Auch hier bereicherte er das Archiv mit speziellen Arrangements f\u00fcr diese Besetzung.<\/span><\/p>\n<p>[\/et_pb_text][\/et_pb_column][\/et_pb_row][et_pb_row column_structure=&#8220;3_5,2_5&#8243; use_custom_gutter=&#8220;on&#8220; make_equal=&#8220;on&#8220; custom_padding_last_edited=&#8220;on|tablet&#8220; module_class=&#8220;dh-valign-center-row&#8220; _builder_version=&#8220;4.23.1&#8243; _module_preset=&#8220;default&#8220; custom_padding_tablet=&#8220;||0px||false|false&#8220; custom_padding_phone=&#8220;||0px||false|false&#8220; global_colors_info=&#8220;{}&#8220;][et_pb_column type=&#8220;3_5&#8243; _builder_version=&#8220;4.20.0&#8243; _module_preset=&#8220;default&#8220; global_colors_info=&#8220;{}&#8220;][et_pb_text _builder_version=&#8220;4.24.2&#8243; _module_preset=&#8220;default&#8220; text_font=&#8220;Lato||||||||&#8220; text_font_size=&#8220;18px&#8220; text_line_height=&#8220;2em&#8220; position_origin_a=&#8220;center_center&#8220; width=&#8220;100%&#8220; animation_style=&#8220;fade&#8220; animation_delay=&#8220;300ms&#8220; global_colors_info=&#8220;{}&#8220;]<\/p>\n<p style=\"font-weight: 400;\">Unabh\u00e4ngig von den vielen Ballveranstaltungen ist es f\u00fcr Helmut Steubl nach wie vor eine gro\u00dfe Ehre, seit 1989 in ununterbrochener Folge mit seinem \u201eGro\u00dfen Ballorchester\u201c den \u201eBall der Wiener Philharmoniker\u201c tanzmusikalisch gestalten zu k\u00f6nnen.<\/p>\n<p style=\"font-weight: 400;\">Die Kombination \u201eBallorchester\u201c und \u201eBigband\u201c in abwechselnder Spielfolge mit allen, f\u00fcr Ballmusik notwendigem Musikprogramm auf einmal zu engagieren, hat sich in vieler Hinsicht sehr bew\u00e4hrt.<\/p>\n<p>[\/et_pb_text][\/et_pb_column][et_pb_column type=&#8220;2_5&#8243; _builder_version=&#8220;4.20.0&#8243; _module_preset=&#8220;default&#8220; global_colors_info=&#8220;{}&#8220;][et_pb_image src=&#8220;https:\/\/orchester.com\/wp-content\/uploads\/2023\/11\/z__17_.JPG.jpg&#8220; title_text=&#8220;z__17_.JPG&#8220; align=&#8220;center&#8220; _builder_version=&#8220;4.24.2&#8243; _module_preset=&#8220;default&#8220; animation_style=&#8220;slide&#8220; animation_direction=&#8220;right&#8220; box_shadow_style=&#8220;preset2&#8243; global_colors_info=&#8220;{}&#8220;][\/et_pb_image][\/et_pb_column][\/et_pb_row][\/et_pb_section]<\/p>","protected":false},"excerpt":{"rendered":"<p>Das gro\u00dfeBall Streich-OrchesterAuf einem typischen Wiener Ball darf ein Streichorchester mit Walzermusik der Strau\u00df-Familie, Lanner, Leh\u00e1r, Ziehrer und K\u00e1lm\u00e1n nicht fehlen.Es gibt keine Stadt der Welt, die B\u00e4lle so inszeniert wie Wien. Es gibt keine bessere Ausdrucksweise, diese gro\u00dfen Gef\u00fchle sch\u00f6ner zu interpretieren, als durch Musik. Leichtf\u00fc\u00dfig kommt sie daher, die Wiener Ballmusik. Wenn das [&hellip;]<\/p>","protected":false},"author":1,"featured_media":0,"parent":0,"menu_order":0,"comment_status":"closed","ping_status":"closed","template":"","meta":{"_et_pb_use_builder":"on","_et_pb_old_content":"","_et_gb_content_width":"","footnotes":""},"class_list":["post-84","page","type-page","status-publish","hentry"],"yoast_head":"<!-- This site is optimized with the Yoast SEO plugin v23.6 - https:\/\/yoast.com\/wordpress\/plugins\/seo\/ -->\n<title>Das gro\u00dfe Ballorchester - Orchester Wolfgang Steubl<\/title>\n<meta name=\"robots\" content=\"index, follow, max-snippet:-1, max-image-preview:large, max-video-preview:-1\" \/>\n<link rel=\"canonical\" href=\"https:\/\/orchester.com\/en\/ballorchester\/\" \/>\n<meta property=\"og:locale\" content=\"en_GB\" \/>\n<meta property=\"og:type\" content=\"article\" \/>\n<meta property=\"og:title\" content=\"Das gro\u00dfe Ballorchester - Orchester Wolfgang Steubl\" \/>\n<meta property=\"og:description\" content=\"Das gro\u00dfeBall Streich-OrchesterAuf einem typischen Wiener Ball darf ein Streichorchester mit Walzermusik der Strau\u00df-Familie, Lanner, Leh\u00e1r, Ziehrer und K\u00e1lm\u00e1n nicht fehlen.Es gibt keine Stadt der Welt, die B\u00e4lle so inszeniert wie Wien. Es gibt keine bessere Ausdrucksweise, diese gro\u00dfen Gef\u00fchle sch\u00f6ner zu interpretieren, als durch Musik. Leichtf\u00fc\u00dfig kommt sie daher, die Wiener Ballmusik. Wenn das [&hellip;]\" \/>\n<meta property=\"og:url\" content=\"https:\/\/orchester.com\/en\/ballorchester\/\" \/>\n<meta property=\"og:site_name\" content=\"Orchester Wolfgang Steubl\" \/>\n<meta property=\"article:modified_time\" content=\"2024-05-30T08:38:17+00:00\" \/>\n<meta name=\"twitter:card\" content=\"summary_large_image\" \/>\n<script type=\"application\/ld+json\" class=\"yoast-schema-graph\">{\"@context\":\"https:\/\/schema.org\",\"@graph\":[{\"@type\":\"WebPage\",\"@id\":\"https:\/\/orchester.com\/ballorchester\/\",\"url\":\"https:\/\/orchester.com\/ballorchester\/\",\"name\":\"Das gro\u00dfe Ballorchester - Orchester Wolfgang Steubl\",\"isPartOf\":{\"@id\":\"https:\/\/orchester.com\/#website\"},\"datePublished\":\"2023-11-14T13:31:01+00:00\",\"dateModified\":\"2024-05-30T08:38:17+00:00\",\"breadcrumb\":{\"@id\":\"https:\/\/orchester.com\/ballorchester\/#breadcrumb\"},\"inLanguage\":\"en-GB\",\"potentialAction\":[{\"@type\":\"ReadAction\",\"target\":[\"https:\/\/orchester.com\/ballorchester\/\"]}]},{\"@type\":\"BreadcrumbList\",\"@id\":\"https:\/\/orchester.com\/ballorchester\/#breadcrumb\",\"itemListElement\":[{\"@type\":\"ListItem\",\"position\":1,\"name\":\"Startseite\",\"item\":\"https:\/\/orchester.com\/\"},{\"@type\":\"ListItem\",\"position\":2,\"name\":\"Das gro\u00dfe Ballorchester\"}]},{\"@type\":\"WebSite\",\"@id\":\"https:\/\/orchester.com\/#website\",\"url\":\"https:\/\/orchester.com\/\",\"name\":\"Orchester Wolfgang Steubl\",\"description\":\"Die Klangk\u00f6rper mit Wiener Charme\",\"potentialAction\":[{\"@type\":\"SearchAction\",\"target\":{\"@type\":\"EntryPoint\",\"urlTemplate\":\"https:\/\/orchester.com\/?s={search_term_string}\"},\"query-input\":{\"@type\":\"PropertyValueSpecification\",\"valueRequired\":true,\"valueName\":\"search_term_string\"}}],\"inLanguage\":\"en-GB\"}]}<\/script>\n<!-- \/ Yoast SEO plugin. -->","yoast_head_json":{"title":"Das gro\u00dfe Ballorchester - Orchester Wolfgang Steubl","robots":{"index":"index","follow":"follow","max-snippet":"max-snippet:-1","max-image-preview":"max-image-preview:large","max-video-preview":"max-video-preview:-1"},"canonical":"https:\/\/orchester.com\/en\/ballorchester\/","og_locale":"en_GB","og_type":"article","og_title":"Das gro\u00dfe Ballorchester - Orchester Wolfgang Steubl","og_description":"Das gro\u00dfeBall Streich-OrchesterAuf einem typischen Wiener Ball darf ein Streichorchester mit Walzermusik der Strau\u00df-Familie, Lanner, Leh\u00e1r, Ziehrer und K\u00e1lm\u00e1n nicht fehlen.Es gibt keine Stadt der Welt, die B\u00e4lle so inszeniert wie Wien. Es gibt keine bessere Ausdrucksweise, diese gro\u00dfen Gef\u00fchle sch\u00f6ner zu interpretieren, als durch Musik. Leichtf\u00fc\u00dfig kommt sie daher, die Wiener Ballmusik. Wenn das [&hellip;]","og_url":"https:\/\/orchester.com\/en\/ballorchester\/","og_site_name":"Orchester Wolfgang Steubl","article_modified_time":"2024-05-30T08:38:17+00:00","twitter_card":"summary_large_image","schema":{"@context":"https:\/\/schema.org","@graph":[{"@type":"WebPage","@id":"https:\/\/orchester.com\/ballorchester\/","url":"https:\/\/orchester.com\/ballorchester\/","name":"Das gro\u00dfe Ballorchester - Orchester Wolfgang Steubl","isPartOf":{"@id":"https:\/\/orchester.com\/#website"},"datePublished":"2023-11-14T13:31:01+00:00","dateModified":"2024-05-30T08:38:17+00:00","breadcrumb":{"@id":"https:\/\/orchester.com\/ballorchester\/#breadcrumb"},"inLanguage":"en-GB","potentialAction":[{"@type":"ReadAction","target":["https:\/\/orchester.com\/ballorchester\/"]}]},{"@type":"BreadcrumbList","@id":"https:\/\/orchester.com\/ballorchester\/#breadcrumb","itemListElement":[{"@type":"ListItem","position":1,"name":"Startseite","item":"https:\/\/orchester.com\/"},{"@type":"ListItem","position":2,"name":"Das gro\u00dfe Ballorchester"}]},{"@type":"WebSite","@id":"https:\/\/orchester.com\/#website","url":"https:\/\/orchester.com\/","name":"Orchester Wolfgang Steubl","description":"Die Klangk\u00f6rper mit Wiener Charme","potentialAction":[{"@type":"SearchAction","target":{"@type":"EntryPoint","urlTemplate":"https:\/\/orchester.com\/?s={search_term_string}"},"query-input":{"@type":"PropertyValueSpecification","valueRequired":true,"valueName":"search_term_string"}}],"inLanguage":"en-GB"}]}},"_links":{"self":[{"href":"https:\/\/orchester.com\/en\/wp-json\/wp\/v2\/pages\/84","targetHints":{"allow":["GET"]}}],"collection":[{"href":"https:\/\/orchester.com\/en\/wp-json\/wp\/v2\/pages"}],"about":[{"href":"https:\/\/orchester.com\/en\/wp-json\/wp\/v2\/types\/page"}],"author":[{"embeddable":true,"href":"https:\/\/orchester.com\/en\/wp-json\/wp\/v2\/users\/1"}],"replies":[{"embeddable":true,"href":"https:\/\/orchester.com\/en\/wp-json\/wp\/v2\/comments?post=84"}],"version-history":[{"count":15,"href":"https:\/\/orchester.com\/en\/wp-json\/wp\/v2\/pages\/84\/revisions"}],"predecessor-version":[{"id":532,"href":"https:\/\/orchester.com\/en\/wp-json\/wp\/v2\/pages\/84\/revisions\/532"}],"wp:attachment":[{"href":"https:\/\/orchester.com\/en\/wp-json\/wp\/v2\/media?parent=84"}],"curies":[{"name":"wp","href":"https:\/\/api.w.org\/{rel}","templated":true}]}}